{"id":16,"date":"2025-05-09T11:58:39","date_gmt":"2025-05-09T11:58:39","guid":{"rendered":"https:\/\/kientrucvietpro.com\/?page_id=16"},"modified":"2025-06-27T02:28:00","modified_gmt":"2025-06-27T02:28:00","slug":"gioi-thieu","status":"publish","type":"page","link":"https:\/\/kientrucvietpro.com\/km\/gioi-thieu\/","title":{"rendered":"\u1780\u17b6\u179a\u178e\u17c2\u1793\u17b6\u17c6"},"content":{"rendered":"<div data-elementor-type=\"wp-page\" data-elementor-id=\"16\" class=\"elementor elementor-16\" data-elementor-post-type=\"page\">\n\t\t\t\t<div class=\"elementor-element elementor-element-60b859a e-flex e-con-boxed e-con e-parent\" data-id=\"60b859a\" data-element_type=\"container\" data-e-type=\"container\" data-settings=\"{&quot;background_background&quot;:&quot;classic&quot;}\">\n\t\t\t\t\t<div class=\"e-con-inner\">\n\t\t\t\t<div class=\"elementor-element elementor-element-7468797 elementor-widget elementor-widget-heading\" data-id=\"7468797\" data-element_type=\"widget\" data-e-type=\"widget\" data-widget_type=\"heading.default\">\n\t\t\t\t<div class=\"elementor-widget-container\">\n\t\t\t\t\t<h2 class=\"elementor-heading-title elementor-size-default\">\u1780\u17b6\u179a\u179f\u17b6\u1784\u179f\u1784\u17cb\u1798\u17b7\u1793\u1798\u17c2\u1793\u1798\u17b6\u1793\u178f\u17c2\u1780\u17b6\u179a\u1794\u1789\u17d2\u1785\u1794\u17cb\u17a2\u1782\u17b6\u179a \u1794\u17c9\u17bb\u1793\u17d2\u178f\u17c2\u1787\u17b6\u1780\u17b6\u179a\u1794\u1784\u17d2\u1780\u17be\u178f\u178f\u1798\u17d2\u179b\u17c3\u178a\u17c2\u179b\u1798\u17b6\u1793\u1797\u17b6\u1796\u1790\u17c1\u179a\u1787\u17b6\u1794\u17cb\u179b\u17b6\u1794\u17cb\u17d4<\/h2>\t\t\t\t<\/div>\n\t\t\t\t<\/div>\n\t\t\t\t\t<\/div>\n\t\t\t\t<\/div>\n\t\t<div class=\"elementor-element elementor-element-559c7d6 e-flex e-con-boxed e-con e-parent\" data-id=\"559c7d6\" data-element_type=\"container\" data-e-type=\"container\" data-settings=\"{&quot;background_background&quot;:&quot;classic&quot;}\">\n\t\t\t\t\t<div class=\"e-con-inner\">\n\t\t\t\t<div class=\"elementor-element elementor-element-aa30fb3 elementor-widget elementor-widget-spacer\" data-id=\"aa30fb3\" data-element_type=\"widget\" data-e-type=\"widget\" data-widget_type=\"spacer.default\">\n\t\t\t\t<div class=\"elementor-widget-container\">\n\t\t\t\t\t\t\t<div class=\"elementor-spacer\">\n\t\t\t<div class=\"elementor-spacer-inner\"><\/div>\n\t\t<\/div>\n\t\t\t\t\t\t<\/div>\n\t\t\t\t<\/div>\n\t\t\t\t\t<\/div>\n\t\t\t\t<\/div>\n\t\t<div class=\"elementor-element elementor-element-a895078 e-flex e-con-boxed e-con e-parent\" data-id=\"a895078\" data-element_type=\"container\" data-e-type=\"container\" data-settings=\"{&quot;background_background&quot;:&quot;classic&quot;}\">\n\t\t\t\t\t<div class=\"e-con-inner\">\n\t\t\t\t<div class=\"elementor-element elementor-element-7fa8b3b elementor-widget elementor-widget-heading\" data-id=\"7fa8b3b\" data-element_type=\"widget\" data-e-type=\"widget\" data-widget_type=\"heading.default\">\n\t\t\t\t<div class=\"elementor-widget-container\">\n\t\t\t\t\t<h2 class=\"elementor-heading-title elementor-size-default\">\u1794\u1784\u17d2\u1780\u17be\u178f\u179b\u17c6\u17a0 \u2013 \u179f\u17d2\u1790\u17b6\u1794\u1793\u17b6\u1797\u17b6\u1796\u1787\u17bf\u1787\u17b6\u1780\u17cb\n\n<\/h2>\t\t\t\t<\/div>\n\t\t\t\t<\/div>\n\t\t\t\t<div class=\"elementor-element elementor-element-f4efd95 elementor-widget elementor-widget-text-editor\" data-id=\"f4efd95\" data-element_type=\"widget\" data-e-type=\"widget\" data-widget_type=\"text-editor.default\">\n\t\t\t\t<div class=\"elementor-widget-container\">\n\t\t\t\t\t\t\t\t\t<p>Ki\u1ebfn Tr\u00fac Vi\u1ec7t Pro \u178f\u17d2\u179a\u17bc\u179c\u1794\u17b6\u1793\u1794\u1784\u17d2\u1780\u17be\u178f\u17a1\u17be\u1784\u178a\u17c4\u1799\u1798\u17b6\u1793\u1794\u17c1\u179f\u1780\u1780\u1798\u17d2\u1798\u1780\u17d2\u1793\u17bb\u1784\u1780\u17b6\u179a\u1787\u17bd\u1799\u178a\u17c6\u178e\u17be\u179a\u1787\u17b6\u1798\u17bd\u1799\u17a2\u178f\u17b7\u1790\u17b7\u1787\u1793\u1780\u17d2\u1793\u17bb\u1784\u1780\u17b6\u179a\u1794\u1784\u17d2\u1780\u17be\u178f\u179b\u17c6\u17a0\u179a\u179f\u1798\u17d2\u179a\u17b6\u1794\u17cb\u179a\u179f\u17cb\u1793\u17c5 \u1793\u17b7\u1784\u1795\u179b\u17b7\u178f\u1780\u1798\u17d2\u1798\u178a\u17c2\u179b\u1798\u17b6\u1793\u1782\u17bb\u178e\u1797\u17b6\u1796\u17d4 \u1796\u17bd\u1780\u1799\u17be\u1784\u1787\u17bf\u1790\u17b6 \u1782\u1798\u17d2\u179a\u17c4\u1784\u1793\u17b8\u1798\u17bd\u1799\u17d7 \u2013 \u1798\u17b7\u1793\u1790\u17b6\u1787\u17b6\u1795\u17d2\u1791\u17c7\u178f\u17bc\u1785\u1798\u17bd\u1799 \u17ac\u179a\u17c4\u1784\u1785\u1780\u17d2\u179a\u1792\u17c6\u17d7 \u2013 \u1793\u17b6\u17c6\u1798\u1780\u1787\u17b6\u1798\u17bd\u1799\u179a\u17bf\u1784\u179a\u17c9\u17b6\u179c \u178f\u1798\u17d2\u179b\u17c3 \u1793\u17b7\u1784\u1780\u17b6\u179a\u179a\u17c6\u1796\u17b9\u1784\u1791\u17bb\u1780\u1795\u17d2\u1791\u17b6\u179b\u17cb\u1781\u17d2\u179b\u17bd\u1793\u17d4 \u1787\u17b6\u1798\u17bd\u1799\u1794\u178e\u17d2\u178f\u17b6\u1789\u179f\u17d2\u1790\u17b6\u1794\u178f\u17d2\u1799\u1780\u179a \u1793\u17b7\u1784\u179c\u17b7\u179f\u17d2\u179c\u1780\u179a\u178a\u17c2\u179b\u1798\u17b6\u1793\u1794\u1791\u1796\u17b7\u179f\u17c4\u1792\u1793\u17cd \u1793\u17b7\u1784\u1798\u17b6\u1793\u1785\u17b7\u178f\u17d2\u178f\u179f\u17d2\u1798\u17c4\u17c7\u178f\u17d2\u179a\u1784\u17cb \u1796\u17bd\u1780\u1799\u17be\u1784\u1795\u17d2\u178f\u179b\u17cb\u178a\u17c6\u178e\u17c4\u17c7\u179f\u17d2\u179a\u17b6\u1799\u1780\u17b6\u179a\u179a\u1785\u1793\u17b6 \u2013 \u179f\u17c6\u178e\u1784\u17cb \u2013 \u1793\u17b7\u1784\u178f\u17d2\u179a\u17bd\u178f\u1796\u17b7\u1793\u17b7\u178f\u17d2\u1799\u1794\u17d2\u179a\u1780\u1794\u178a\u17c4\u1799\u1797\u17b6\u1796\u1794\u178f\u17cb\u1794\u17c2\u1793 \u1793\u17b7\u1784\u179f\u1798\u179a\u1798\u17d2\u1799\u178f\u17b6\u1798\u178f\u1798\u17d2\u179a\u17bc\u179c\u1780\u17b6\u179a\u1796\u17b7\u178f\u17d4 \u1797\u17b6\u1796\u179b\u1798\u17d2\u17a2\u17b7\u178f\u1793\u17c5\u1780\u17d2\u1793\u17bb\u1784\u1782\u17c6\u1793\u17bc\u179a\u179a\u17b6\u179b\u17cb\u1781\u17d2\u179f\u17c2 \u1793\u17b7\u1784\u179a\u17b6\u179b\u17cb\u1798\u17c9\u17c2\u178f\u17d2\u179a\u1780\u17b6\u179a\u17c9\u17c1\u179f\u17c6\u178e\u1784\u17cb \u1782\u17ba\u1787\u17b6\u179c\u17b7\u1792\u17b8\u178a\u17c2\u179b\u1796\u17bd\u1780\u1799\u17be\u1784\u1794\u1784\u17d2\u17a0\u17b6\u1789\u1780\u17b6\u179a\u1782\u17c4\u179a\u1796\u178a\u179b\u17cb\u1798\u17bb\u1781\u179a\u1794\u179a \u1793\u17b7\u1784\u17a2\u178f\u17b7\u1790\u17b7\u1787\u1793\u17d4<\/p>\t\t\t\t\t\t\t\t<\/div>\n\t\t\t\t<\/div>\n\t\t\t\t\t<\/div>\n\t\t\t\t<\/div>\n\t\t<div class=\"elementor-element elementor-element-a509213 e-flex e-con-boxed e-con e-parent\" data-id=\"a509213\" data-element_type=\"container\" data-e-type=\"container\" data-settings=\"{&quot;background_background&quot;:&quot;classic&quot;}\">\n\t\t\t\t\t<div class=\"e-con-inner\">\n\t\t\t\t<div class=\"elementor-element elementor-element-e557ec2 elementor-widget elementor-widget-spacer\" data-id=\"e557ec2\" data-element_type=\"widget\" data-e-type=\"widget\" data-widget_type=\"spacer.default\">\n\t\t\t\t<div class=\"elementor-widget-container\">\n\t\t\t\t\t\t\t<div class=\"elementor-spacer\">\n\t\t\t<div class=\"elementor-spacer-inner\"><\/div>\n\t\t<\/div>\n\t\t\t\t\t\t<\/div>\n\t\t\t\t<\/div>\n\t\t\t\t<div class=\"elementor-element elementor-element-1224a85 elementor-widget elementor-widget-image\" data-id=\"1224a85\" data-element_type=\"widget\" data-e-type=\"widget\" data-settings=\"{&quot;motion_fx_motion_fx_scrolling&quot;:&quot;yes&quot;,&quot;motion_fx_translateY_effect&quot;:&quot;yes&quot;,&quot;motion_fx_translateY_speed&quot;:{&quot;unit&quot;:&quot;px&quot;,&quot;size&quot;:1.4,&quot;sizes&quot;:[]},&quot;motion_fx_translateY_affectedRange&quot;:{&quot;unit&quot;:&quot;%&quot;,&quot;size&quot;:&quot;&quot;,&quot;sizes&quot;:{&quot;start&quot;:0,&quot;end&quot;:100}},&quot;motion_fx_devices&quot;:[&quot;desktop&quot;,&quot;tablet&quot;,&quot;mobile&quot;]}\" data-widget_type=\"image.default\">\n\t\t\t\t<div class=\"elementor-widget-container\">\n\t\t\t\t\t\t\t\t\t\t\t\t\t\t\t<img fetchpriority=\"high\" decoding=\"async\" width=\"1920\" height=\"1280\" src=\"https:\/\/kientrucvietpro.com\/wp-content\/uploads\/2025\/05\/pexels-dutumong-2236922.jpg\" class=\"attachment-full size-full wp-image-732\" alt=\"\" srcset=\"https:\/\/kientrucvietpro.com\/wp-content\/uploads\/2025\/05\/pexels-dutumong-2236922.jpg 1920w, https:\/\/kientrucvietpro.com\/wp-content\/uploads\/2025\/05\/pexels-dutumong-2236922-300x200.jpg 300w, https:\/\/kientrucvietpro.com\/wp-content\/uploads\/2025\/05\/pexels-dutumong-2236922-1024x683.jpg 1024w, https:\/\/kientrucvietpro.com\/wp-content\/uploads\/2025\/05\/pexels-dutumong-2236922-768x512.jpg 768w, https:\/\/kientrucvietpro.com\/wp-content\/uploads\/2025\/05\/pexels-dutumong-2236922-1536x1024.jpg 1536w\" sizes=\"(max-width: 1920px) 100vw, 1920px\" \/>\t\t\t\t\t\t\t\t\t\t\t\t\t\t\t<\/div>\n\t\t\t\t<\/div>\n\t\t\t\t<div class=\"elementor-element elementor-element-b2a54b2 elementor-widget elementor-widget-spacer\" data-id=\"b2a54b2\" data-element_type=\"widget\" data-e-type=\"widget\" data-widget_type=\"spacer.default\">\n\t\t\t\t<div class=\"elementor-widget-container\">\n\t\t\t\t\t\t\t<div class=\"elementor-spacer\">\n\t\t\t<div class=\"elementor-spacer-inner\"><\/div>\n\t\t<\/div>\n\t\t\t\t\t\t<\/div>\n\t\t\t\t<\/div>\n\t\t\t\t\t<\/div>\n\t\t\t\t<\/div>\n\t\t<div class=\"elementor-element elementor-element-4b586fe e-flex e-con-boxed e-con e-parent\" data-id=\"4b586fe\" data-element_type=\"container\" data-e-type=\"container\" data-settings=\"{&quot;background_background&quot;:&quot;classic&quot;}\">\n\t\t\t\t\t<div class=\"e-con-inner\">\n\t\t\t\t<div class=\"elementor-element elementor-element-10242e4 elementor-widget elementor-widget-heading\" data-id=\"10242e4\" data-element_type=\"widget\" data-e-type=\"widget\" data-widget_type=\"heading.default\">\n\t\t\t\t<div class=\"elementor-widget-container\">\n\t\t\t\t\t<h2 class=\"elementor-heading-title elementor-size-default\">\u1796\u17bd\u1780\u1799\u17be\u1784\u1798\u17b7\u1793\u1798\u17c2\u1793\u179f\u17b6\u1784\u179f\u1784\u17cb\u1794\u17c9\u17bb\u178e\u17d2\u178e\u17c4\u17c7\u1791\u17c1 \u2013 \u1796\u17bd\u1780\u1799\u17be\u1784\u1787\u17b6\u178a\u17c3\u1782\u17bc\u179a\u179a\u17bd\u1798\u178a\u17c6\u178e\u17be\u179a\u17d4\n\n\n<\/h2>\t\t\t\t<\/div>\n\t\t\t\t<\/div>\n\t\t\t\t<div class=\"elementor-element elementor-element-3181868 elementor-widget elementor-widget-text-editor\" data-id=\"3181868\" data-element_type=\"widget\" data-e-type=\"widget\" data-widget_type=\"text-editor.default\">\n\t\t\t\t<div class=\"elementor-widget-container\">\n\t\t\t\t\t\t\t\t\t<p class=\"\" data-start=\"1049\" data-end=\"1664\">\u1793\u17c5 Ki\u1ebfn Tr\u00fac Vi\u1ec7t Pro \u1799\u17be\u1784\u1798\u17b7\u1793\u1792\u17d2\u179c\u17be\u178a\u17bc\u1785\u1787\u17b6\u1780\u17b6\u179a\u1794\u1784\u17d2\u17a0\u17b6\u1789\u1781\u17d2\u179b\u17bd\u1793\u1791\u17c1 \u1794\u17c9\u17bb\u1793\u17d2\u178f\u17c2\u1795\u17d2\u178f\u17c4\u178f\u1791\u17c5\u179b\u17be\u1782\u1798\u17d2\u179a\u17c4\u1784\u178a\u17cf\u1798\u17b6\u1793\u179f\u17d2\u1790\u17b7\u179a\u1797\u17b6\u1796 \u1798\u17b6\u1793\u17a0\u17c1\u178f\u17bb\u1795\u179b \u1793\u17b7\u1784\u1798\u17b6\u1793\u17a2\u178f\u17d2\u178f\u179f\u1789\u17d2\u1789\u17b6\u178e\u1795\u17d2\u1791\u17b6\u179b\u17cb\u1781\u17d2\u179b\u17bd\u1793\u17d4 \u1799\u17be\u1784\u1799\u179b\u17cb\u1790\u17b6 \u1780\u17b6\u179a\u179f\u17b6\u1784\u179f\u1784\u17cb\u1798\u17bd\u1799\u1782\u1798\u17d2\u179a\u17c4\u1784\u1798\u17b7\u1793\u178f\u17d2\u179a\u17b9\u1798\u178f\u17c2\u178f\u17d2\u179a\u17bc\u179c\u1780\u17b6\u179a\u1794\u1785\u17d2\u1785\u17c1\u1780\u1791\u17c1\u179f\u1791\u17c1 \u1794\u17c9\u17bb\u1793\u17d2\u178f\u17c2\u178f\u17d2\u179a\u17bc\u179c\u1780\u17b6\u179a\u1780\u17b6\u179a\u1799\u179b\u17cb\u178a\u17b9\u1784\u1793\u17b7\u1784\u1780\u17b6\u179a\u1799\u179b\u17cb\u1785\u17b7\u178f\u17d2\u178f\u1785\u17c6\u1796\u17c4\u17c7\u1787\u17b8\u179c\u17b7\u178f\u1793\u17b7\u1784\u1780\u17b6\u179a\u1784\u17b6\u179a\u179a\u1794\u179f\u17cb\u17a2\u17d2\u1793\u1780\u1794\u17d2\u179a\u17be\u1794\u17d2\u179a\u17b6\u179f\u17cb\u1795\u1784\u178a\u17c2\u179a\u17d4 \u1793\u17c1\u17c7\u1787\u17b6\u17a0\u17c1\u178f\u17bb\u1795\u179b\u178a\u17c2\u179b\u1799\u17be\u1784\u178f\u17c2\u1784\u178f\u17c2\u179f\u17d2\u178f\u17b6\u1794\u17cb \u17a2\u1793\u17bb\u1789\u17d2\u1789\u17b6\u178f\u17b2\u17d2\u1799\u1798\u17b6\u1793\u1780\u17b6\u179a\u1796\u17b7\u1782\u17d2\u179a\u17c4\u17c7\u1799\u17c9\u17b6\u1784\u1796\u17b7\u1797\u17b6\u1780\u17d2\u179f\u17b6 \u1793\u17b7\u1784\u1792\u17d2\u179c\u17be\u1780\u17b6\u179a\u178a\u17c4\u1799\u1797\u17b6\u1796\u1785\u17d2\u1794\u17b6\u179f\u17cb\u179b\u17b6\u179f\u17cb \u2013 \u178a\u17be\u1798\u17d2\u1794\u17b8\u17a2\u17c4\u1799\u1782\u1798\u17d2\u179a\u17c4\u1784\u1793\u17b8\u1798\u17bd\u1799\u17d7\u1794\u1789\u17d2\u1785\u1794\u17cb\u178f\u17b6\u1798\u1796\u17c1\u179b\u179c\u17c1\u179b\u17b6 \u1782\u17bb\u178e\u1797\u17b6\u1796\u178f\u17d2\u179a\u17b9\u1798\u178f\u17d2\u179a\u17bc\u179c \u1793\u17b7\u1784\u1791\u17bb\u1780\u1785\u17b7\u178f\u17d2\u178f\u1799\u17c9\u17b6\u1784\u1799\u17bc\u179a\u17a2\u1784\u17d2\u179c\u17c2\u1784\u17d4 \u179a\u17b6\u179b\u17cb\u1782\u1798\u17d2\u179a\u17c4\u1784\u178a\u17c2\u179b\u1794\u17b6\u1793\u1794\u1789\u17d2\u1785\u1794\u17cb \u1799\u17be\u1784\u1798\u17b7\u1793\u178f\u17d2\u179a\u17b9\u1798\u178f\u17c2\u1794\u1789\u17d2\u1785\u1794\u17cb\u1780\u17b6\u179a\u1784\u17b6\u179a\u1791\u17c1 \u2013 \u1794\u17c9\u17bb\u1793\u17d2\u178f\u17c2\u1787\u17b6\u1780\u17b6\u179a\u1794\u1784\u17d2\u1780\u17be\u178f\u1791\u17c6\u1793\u17b6\u1780\u17cb\u1791\u17c6\u1793\u1784 \u1797\u17b6\u1796\u1798\u17c4\u1791\u1793\u1797\u17b6\u1796 \u1793\u17b7\u1784\u1780\u17b6\u179a\u179f\u1793\u17d2\u1799\u17b6\u179a\u1799\u17c8\u1796\u17c1\u179b\u179c\u17c2\u1784\u17d4<\/p>\t\t\t\t\t\t\t\t<\/div>\n\t\t\t\t<\/div>\n\t\t\t\t<div class=\"elementor-element elementor-element-d5b0c86 elementor-widget elementor-widget-spacer\" data-id=\"d5b0c86\" data-element_type=\"widget\" data-e-type=\"widget\" data-widget_type=\"spacer.default\">\n\t\t\t\t<div class=\"elementor-widget-container\">\n\t\t\t\t\t\t\t<div class=\"elementor-spacer\">\n\t\t\t<div class=\"elementor-spacer-inner\"><\/div>\n\t\t<\/div>\n\t\t\t\t\t\t<\/div>\n\t\t\t\t<\/div>\n\t\t\t\t\t<\/div>\n\t\t\t\t<\/div>\n\t\t<div class=\"elementor-element elementor-element-22ab323 e-flex e-con-boxed e-con e-parent\" data-id=\"22ab323\" data-element_type=\"container\" data-e-type=\"container\" data-settings=\"{&quot;background_background&quot;:&quot;video&quot;,&quot;background_video_link&quot;:&quot;https:\\\/\\\/kientrucvietpro.com\\\/wp-content\\\/uploads\\\/2025\\\/05\\\/2324123-hd_1920_1080_30fps.mp4&quot;,&quot;background_play_on_mobile&quot;:&quot;yes&quot;}\">\n\t\t\t\t\t<div class=\"e-con-inner\">\n\t\t<div class=\"elementor-background-video-container\">\n\t\t\t\t\t\t\t<video class=\"elementor-background-video-hosted\" role=\"presentation\" autoplay muted playsinline loop><\/video>\n\t\t\t\t\t<\/div>\t\t<div class=\"elementor-element elementor-element-02fec3a elementor-widget elementor-widget-heading\" data-id=\"02fec3a\" data-element_type=\"widget\" data-e-type=\"widget\" data-widget_type=\"heading.default\">\n\t\t\t\t<div class=\"elementor-widget-container\">\n\t\t\t\t\t<h2 class=\"elementor-heading-title elementor-size-default\">\u1796\u17bd\u1780\u1799\u17be\u1784\u1798\u17b7\u1793\u1798\u17c2\u1793\u179f\u17b6\u1784\u179f\u1784\u17cb\u1794\u17c9\u17bb\u178e\u17d2\u178e\u17c4\u17c7\u1791\u17c1 \u2013 \u1796\u17bd\u1780\u1799\u17be\u1784\u1787\u17b6\u178a\u17c3\u1782\u17bc\u179a\u179a\u17bd\u1798\u178a\u17c6\u178e\u17be\u179a\u17d4\n\n<\/h2>\t\t\t\t<\/div>\n\t\t\t\t<\/div>\n\t\t\t\t\t<\/div>\n\t\t\t\t<\/div>\n\t\t\t\t<\/div>","protected":false},"excerpt":{"rendered":"<p>X\u00e2y kh\u00f4ng ch\u1ec9 l\u00e0 d\u1ef1ng n\u00ean c\u00f4ng tr\u00ecnh \u2013 m\u00e0 l\u00e0 ki\u1ebfn t\u1ea1o gi\u00e1 tr\u1ecb b\u1ec1n v\u1eefng. Ki\u1ebfn t\u1ea1o kh\u00f4ng gian \u2013 D\u1ef1ng x\u00e2y ni\u1ec1m tin Ki\u1ebfn Tr\u00fac Vi\u1ec7t Pro \u0111\u01b0\u1ee3c th\u00e0nh l\u1eadp v\u1edbi s\u1ee9 m\u1ec7nh \u0111\u1ed3ng h\u00e0nh c\u00f9ng kh\u00e1ch h\u00e0ng trong h\u00e0nh tr\u00ecnh ki\u1ebfn t\u1ea1o kh\u00f4ng gian s\u1ed1ng v\u00e0 kh\u00f4ng gian s\u1ea3n xu\u1ea5t ch\u1ea5t&#8230;<\/p>","protected":false},"author":1,"featured_media":1498,"parent":0,"menu_order":0,"comment_status":"closed","ping_status":"closed","template":"","meta":{"_kad_post_transparent":"","_kad_post_title":"hide","_kad_post_layout":"fullwidth","_kad_post_sidebar_id":"","_kad_post_content_style":"unboxed","_kad_post_vertical_padding":"hide","_kad_post_feature":"hide","_kad_post_feature_position":"","_kad_post_header":false,"_kad_post_footer":false,"footnotes":""},"class_list":["post-16","page","type-page","status-publish","has-post-thumbnail","hentry"],"_links":{"self":[{"href":"https:\/\/kientrucvietpro.com\/km\/wp-json\/wp\/v2\/pages\/16","targetHints":{"allow":["GET"]}}],"collection":[{"href":"https:\/\/kientrucvietpro.com\/km\/wp-json\/wp\/v2\/pages"}],"about":[{"href":"https:\/\/kientrucvietpro.com\/km\/wp-json\/wp\/v2\/types\/page"}],"author":[{"embeddable":true,"href":"https:\/\/kientrucvietpro.com\/km\/wp-json\/wp\/v2\/users\/1"}],"replies":[{"embeddable":true,"href":"https:\/\/kientrucvietpro.com\/km\/wp-json\/wp\/v2\/comments?post=16"}],"version-history":[{"count":113,"href":"https:\/\/kientrucvietpro.com\/km\/wp-json\/wp\/v2\/pages\/16\/revisions"}],"predecessor-version":[{"id":1653,"href":"https:\/\/kientrucvietpro.com\/km\/wp-json\/wp\/v2\/pages\/16\/revisions\/1653"}],"wp:featuredmedia":[{"embeddable":true,"href":"https:\/\/kientrucvietpro.com\/km\/wp-json\/wp\/v2\/media\/1498"}],"wp:attachment":[{"href":"https:\/\/kientrucvietpro.com\/km\/wp-json\/wp\/v2\/media?parent=16"}],"curies":[{"name":"wp","href":"https:\/\/api.w.org\/{rel}","templated":true}]}}