{"id":16,"date":"2025-05-09T11:58:39","date_gmt":"2025-05-09T11:58:39","guid":{"rendered":"https:\/\/kientrucvietpro.com\/?page_id=16"},"modified":"2025-06-27T02:28:00","modified_gmt":"2025-06-27T02:28:00","slug":"gioi-thieu","status":"publish","type":"page","link":"https:\/\/kientrucvietpro.com\/lo\/gioi-thieu\/","title":{"rendered":"\u0e81\u0eb2\u0e99\u0ec1\u0e99\u0eb0\u0e99\u0eb3"},"content":{"rendered":"<div data-elementor-type=\"wp-page\" data-elementor-id=\"16\" class=\"elementor elementor-16\" data-elementor-post-type=\"page\">\n\t\t\t\t<div class=\"elementor-element elementor-element-60b859a e-flex e-con-boxed e-con e-parent\" data-id=\"60b859a\" data-element_type=\"container\" data-e-type=\"container\" data-settings=\"{&quot;background_background&quot;:&quot;classic&quot;}\">\n\t\t\t\t\t<div class=\"e-con-inner\">\n\t\t\t\t<div class=\"elementor-element elementor-element-7468797 elementor-widget elementor-widget-heading\" data-id=\"7468797\" data-element_type=\"widget\" data-e-type=\"widget\" data-widget_type=\"heading.default\">\n\t\t\t\t<div class=\"elementor-widget-container\">\n\t\t\t\t\t<h2 class=\"elementor-heading-title elementor-size-default\">\u0e81\u0eb2\u0e99\u0e81\u0ecd\u0ec8\u0eaa\u0ec9\u0eb2\u0e87\u0e9a\u0ecd\u0ec8\u0ec1\u0ea1\u0ec8\u0e99\u0e9e\u0ebd\u0e87\u0ec1\u0e95\u0ec8\u0e81\u0eb2\u0e99\u0e81\u0ecd\u0ec8\u0eaa\u0ec9\u0eb2\u0e87\u0ead\u0eb2\u0e84\u0eb2\u0e99 \u2013 \u0ec1\u0e95\u0ec8\u0ec1\u0ea1\u0ec8\u0e99\u0e81\u0eb2\u0e99\u0eaa\u0ec9\u0eb2\u0e87\u0e84\u0eb8\u0e99\u0e84\u0ec8\u0eb2\u0e97\u0eb5\u0ec8\u0e8d\u0eb7\u0e99\u0e8d\u0ebb\u0e87.<\/h2>\t\t\t\t<\/div>\n\t\t\t\t<\/div>\n\t\t\t\t\t<\/div>\n\t\t\t\t<\/div>\n\t\t<div class=\"elementor-element elementor-element-559c7d6 e-flex e-con-boxed e-con e-parent\" data-id=\"559c7d6\" data-element_type=\"container\" data-e-type=\"container\" data-settings=\"{&quot;background_background&quot;:&quot;classic&quot;}\">\n\t\t\t\t\t<div class=\"e-con-inner\">\n\t\t\t\t<div class=\"elementor-element elementor-element-aa30fb3 elementor-widget elementor-widget-spacer\" data-id=\"aa30fb3\" data-element_type=\"widget\" data-e-type=\"widget\" data-widget_type=\"spacer.default\">\n\t\t\t\t<div class=\"elementor-widget-container\">\n\t\t\t\t\t\t\t<div class=\"elementor-spacer\">\n\t\t\t<div class=\"elementor-spacer-inner\"><\/div>\n\t\t<\/div>\n\t\t\t\t\t\t<\/div>\n\t\t\t\t<\/div>\n\t\t\t\t\t<\/div>\n\t\t\t\t<\/div>\n\t\t<div class=\"elementor-element elementor-element-a895078 e-flex e-con-boxed e-con e-parent\" data-id=\"a895078\" data-element_type=\"container\" data-e-type=\"container\" data-settings=\"{&quot;background_background&quot;:&quot;classic&quot;}\">\n\t\t\t\t\t<div class=\"e-con-inner\">\n\t\t\t\t<div class=\"elementor-element elementor-element-7fa8b3b elementor-widget elementor-widget-heading\" data-id=\"7fa8b3b\" data-element_type=\"widget\" data-e-type=\"widget\" data-widget_type=\"heading.default\">\n\t\t\t\t<div class=\"elementor-widget-container\">\n\t\t\t\t\t<h2 class=\"elementor-heading-title elementor-size-default\">\u0eaa\u0ec9\u0eb2\u0e87\u0eaa\u0eb1\u0e99\u0ec0\u0e99\u0eb7\u0ec9\u0ead\u0e97\u0eb5\u0ec8 \u2013 \u0e81\u0ecd\u0ec8\u0eaa\u0ec9\u0eb2\u0e87\u0e84\u0ea7\u0eb2\u0ea1\u0ec4\u0ea7\u0ec9\u0ec3\u0e88\n\n<\/h2>\t\t\t\t<\/div>\n\t\t\t\t<\/div>\n\t\t\t\t<div class=\"elementor-element elementor-element-f4efd95 elementor-widget elementor-widget-text-editor\" data-id=\"f4efd95\" data-element_type=\"widget\" data-e-type=\"widget\" data-widget_type=\"text-editor.default\">\n\t\t\t\t<div class=\"elementor-widget-container\">\n\t\t\t\t\t\t\t\t\t<p>Ki\u1ebfn Tr\u00fac Vi\u1ec7t Pro \u0ec4\u0e94\u0ec9\u0e96\u0eb7\u0e81\u0e81\u0ecd\u0ec8\u0e95\u0eb1\u0ec9\u0e87\u0e82\u0eb6\u0ec9\u0e99\u0ea1\u0eb2\u0ec2\u0e94\u0e8d\u0ea1\u0eb5\u0e9e\u0eb1\u0e99\u0e97\u0eb0\u0e81\u0eb4\u0e94\u0ec3\u0e99\u0e81\u0eb2\u0e99\u0ec0\u0e9b\u0eb1\u0e99\u0e84\u0eb9\u0ec8\u0eae\u0ec8\u0ea7\u0ea1\u0ec0\u0e94\u0eb5\u0e99\u0e97\u0eb2\u0e87\u0e81\u0eb1\u0e9a\u0ea5\u0eb9\u0e81\u0e84\u0ec9\u0eb2 \u0ec3\u0e99\u0e81\u0eb2\u0e99\u0eaa\u0ec9\u0eb2\u0e87\u0eaa\u0eb1\u0e99\u0ec0\u0e99\u0eb7\u0ec9\u0ead\u0e97\u0eb5\u0ec8\u0ea2\u0eb9\u0ec8\u0ead\u0eb2\u0ec4\u0eaa \u0ec1\u0ea5\u0eb0 \u0ec0\u0e99\u0eb7\u0ec9\u0ead\u0e97\u0eb5\u0ec8\u0e9c\u0eb0\u0ea5\u0eb4\u0e94\u0e97\u0eb5\u0ec8\u0ea1\u0eb5\u0e84\u0eb8\u0e99\u0e99\u0eb0\u0e9e\u0eb2\u0e9a. \u0e9e\u0ea7\u0e81\u0ec0\u0eae\u0ebb\u0eb2\u0ec0\u0e8a\u0eb7\u0ec8\u0ead\u0ea7\u0ec8\u0eb2 \u0ec2\u0e84\u0e87\u0e81\u0eb2\u0e99\u0ec1\u0e95\u0ec8\u0ea5\u0eb0\u0ead\u0eb1\u0e99 \u2013 \u0e9a\u0ecd\u0ec8\u0ea7\u0ec8\u0eb2\u0e88\u0eb0\u0ec0\u0e9b\u0eb1\u0e99\u0ec0\u0eae\u0eb7\u0ead\u0e99\u0e99\u0ec9\u0ead\u0e8d \u0eab\u0ebc\u0eb7 \u0ec2\u0eae\u0e87\u0e87\u0eb2\u0e99\u0ec3\u0eab\u0e8d\u0ec8 \u2013 \u0e95\u0ec8\u0eb2\u0e87\u0ea1\u0eb5\u0ec0\u0ea3\u0eb7\u0ec8\u0ead\u0e87\u0ea5\u0eb2\u0ea7 \u0e84\u0eb8\u0e99\u0e84\u0ec8\u0eb2 \u0ec1\u0ea5\u0eb0 \u0e84\u0ea7\u0eb2\u0ea1\u0e84\u0eb2\u0e94\u0eab\u0ea7\u0eb1\u0e87\u0ec0\u0e9b\u0eb1\u0e99\u0e82\u0ead\u0e87\u0e95\u0ebb\u0e99\u0ec0\u0ead\u0e87. \u0e94\u0ec9\u0ea7\u0e8d\u0e97\u0eb5\u0ea1\u0e87\u0eb2\u0e99\u0eaa\u0eb0\u0e96\u0eb2\u0e9b\u0eb0\u0e99\u0eb4\u0e81 \u0ec1\u0ea5\u0eb0 \u0ea7\u0eb4\u0eaa\u0eb0\u0ea7\u0eb0\u0e81\u0ead\u0e99\u0e97\u0eb5\u0ec8\u0ea1\u0eb5\u0e9b\u0eb0\u0eaa\u0ebb\u0e9a\u0e81\u0eb2\u0e99\u0ec1\u0ea5\u0eb0\u0e97\u0eb8\u0ec8\u0ea1\u0ec3\u0e88 \u0e9e\u0ea7\u0e81\u0ec0\u0eae\u0ebb\u0eb2\u0ec3\u0eab\u0ec9\u0e9a\u0ecd\u0ea5\u0eb4\u0e81\u0eb2\u0e99\u0ead\u0ead\u0e81\u0ec1\u0e9a\u0e9a \u2013 \u0e81\u0ecd\u0ec8\u0eaa\u0ec9\u0eb2\u0e87 \u2013 \u0ec1\u0ea5\u0eb0\u0e84\u0ea7\u0e9a\u0e84\u0eb8\u0ea1\u0e87\u0eb2\u0e99\u0ec2\u0e94\u0e8d\u0e84\u0ebb\u0e9a\u0ea7\u0ebb\u0e87\u0e88\u0ead\u0e99 \u0e9b\u0eb1\u0e9a\u0e95\u0ebb\u0ea7\u0ec4\u0e94\u0ec9 \u0ec1\u0ea5\u0eb0 \u0ea1\u0eb5\u0e9b\u0eb0\u0eaa\u0eb4\u0e94\u0e97\u0eb4\u0e9e\u0eb2\u0e9a\u0e95\u0eb2\u0ea1\u0e84\u0ea7\u0eb2\u0ea1\u0e88\u0eb3\u0ec0\u0e9b\u0eb1\u0e99\u0e88\u0eb4\u0e87. \u0e84\u0ea7\u0eb2\u0ea1\u0e9e\u0eb4\u0e96\u0eb5\u0e9e\u0eb4\u0e96\u0eb1\u0e99\u0ec3\u0e99\u0ec1\u0e95\u0ec8\u0ea5\u0eb0\u0ec1\u0e9a\u0e9a\u0ec1\u0e9c\u0e99 \u0ec1\u0ea5\u0eb0\u0ec1\u0e95\u0ec8\u0ea5\u0eb0\u0ec1\u0ea1\u0eb1\u0e94\u0e95\u0eb2\u0e87\u0eb2\u0e99\u0ec1\u0ea1\u0ec8\u0e99\u0ea7\u0eb4\u0e97\u0eb5\u0e97\u0eb5\u0ec8\u0e9e\u0ea7\u0e81\u0ec0\u0eae\u0ebb\u0eb2\u0eaa\u0eb0\u0ec1\u0e94\u0e87\u0e84\u0ea7\u0eb2\u0ea1\u0ec4\u0e9b\u0ec0\u0e96\u0eb4\u0e87\u0ea7\u0eb4\u0e8a\u0eb2\u0e8a\u0eb5\u0e9a \u0ec1\u0ea5\u0eb0 \u0ea5\u0eb9\u0e81\u0e84\u0ec9\u0eb2.<\/p>\t\t\t\t\t\t\t\t<\/div>\n\t\t\t\t<\/div>\n\t\t\t\t\t<\/div>\n\t\t\t\t<\/div>\n\t\t<div class=\"elementor-element elementor-element-a509213 e-flex e-con-boxed e-con e-parent\" data-id=\"a509213\" data-element_type=\"container\" data-e-type=\"container\" data-settings=\"{&quot;background_background&quot;:&quot;classic&quot;}\">\n\t\t\t\t\t<div class=\"e-con-inner\">\n\t\t\t\t<div class=\"elementor-element elementor-element-e557ec2 elementor-widget elementor-widget-spacer\" data-id=\"e557ec2\" data-element_type=\"widget\" data-e-type=\"widget\" data-widget_type=\"spacer.default\">\n\t\t\t\t<div class=\"elementor-widget-container\">\n\t\t\t\t\t\t\t<div class=\"elementor-spacer\">\n\t\t\t<div class=\"elementor-spacer-inner\"><\/div>\n\t\t<\/div>\n\t\t\t\t\t\t<\/div>\n\t\t\t\t<\/div>\n\t\t\t\t<div class=\"elementor-element elementor-element-1224a85 elementor-widget elementor-widget-image\" data-id=\"1224a85\" data-element_type=\"widget\" data-e-type=\"widget\" data-settings=\"{&quot;motion_fx_motion_fx_scrolling&quot;:&quot;yes&quot;,&quot;motion_fx_translateY_effect&quot;:&quot;yes&quot;,&quot;motion_fx_translateY_speed&quot;:{&quot;unit&quot;:&quot;px&quot;,&quot;size&quot;:1.4,&quot;sizes&quot;:[]},&quot;motion_fx_translateY_affectedRange&quot;:{&quot;unit&quot;:&quot;%&quot;,&quot;size&quot;:&quot;&quot;,&quot;sizes&quot;:{&quot;start&quot;:0,&quot;end&quot;:100}},&quot;motion_fx_devices&quot;:[&quot;desktop&quot;,&quot;tablet&quot;,&quot;mobile&quot;]}\" data-widget_type=\"image.default\">\n\t\t\t\t<div class=\"elementor-widget-container\">\n\t\t\t\t\t\t\t\t\t\t\t\t\t\t\t<img fetchpriority=\"high\" decoding=\"async\" width=\"1920\" height=\"1280\" src=\"https:\/\/kientrucvietpro.com\/wp-content\/uploads\/2025\/05\/pexels-dutumong-2236922.jpg\" class=\"attachment-full size-full wp-image-732\" alt=\"\" srcset=\"https:\/\/kientrucvietpro.com\/wp-content\/uploads\/2025\/05\/pexels-dutumong-2236922.jpg 1920w, https:\/\/kientrucvietpro.com\/wp-content\/uploads\/2025\/05\/pexels-dutumong-2236922-300x200.jpg 300w, https:\/\/kientrucvietpro.com\/wp-content\/uploads\/2025\/05\/pexels-dutumong-2236922-1024x683.jpg 1024w, https:\/\/kientrucvietpro.com\/wp-content\/uploads\/2025\/05\/pexels-dutumong-2236922-768x512.jpg 768w, https:\/\/kientrucvietpro.com\/wp-content\/uploads\/2025\/05\/pexels-dutumong-2236922-1536x1024.jpg 1536w\" sizes=\"(max-width: 1920px) 100vw, 1920px\" \/>\t\t\t\t\t\t\t\t\t\t\t\t\t\t\t<\/div>\n\t\t\t\t<\/div>\n\t\t\t\t<div class=\"elementor-element elementor-element-b2a54b2 elementor-widget elementor-widget-spacer\" data-id=\"b2a54b2\" data-element_type=\"widget\" data-e-type=\"widget\" data-widget_type=\"spacer.default\">\n\t\t\t\t<div class=\"elementor-widget-container\">\n\t\t\t\t\t\t\t<div class=\"elementor-spacer\">\n\t\t\t<div class=\"elementor-spacer-inner\"><\/div>\n\t\t<\/div>\n\t\t\t\t\t\t<\/div>\n\t\t\t\t<\/div>\n\t\t\t\t\t<\/div>\n\t\t\t\t<\/div>\n\t\t<div class=\"elementor-element elementor-element-4b586fe e-flex e-con-boxed e-con e-parent\" data-id=\"4b586fe\" data-element_type=\"container\" data-e-type=\"container\" data-settings=\"{&quot;background_background&quot;:&quot;classic&quot;}\">\n\t\t\t\t\t<div class=\"e-con-inner\">\n\t\t\t\t<div class=\"elementor-element elementor-element-10242e4 elementor-widget elementor-widget-heading\" data-id=\"10242e4\" data-element_type=\"widget\" data-e-type=\"widget\" data-widget_type=\"heading.default\">\n\t\t\t\t<div class=\"elementor-widget-container\">\n\t\t\t\t\t<h2 class=\"elementor-heading-title elementor-size-default\">\u0e9e\u0ea7\u0e81\u0ec0\u0eae\u0ebb\u0eb2\u0e9a\u0ecd\u0ec8\u0ec4\u0e94\u0ec9\u0ec1\u0e95\u0ec8\u0e81\u0ecd\u0ec8\u0eaa\u0ec9\u0eb2\u0e87 \u2013 \u0e9e\u0ea7\u0e81\u0ec0\u0eae\u0ebb\u0eb2\u0ea2\u0eb9\u0ec8\u0e84\u0ebd\u0e87\u0e82\u0ec9\u0eb2\u0e87\u0e97\u0ec8\u0eb2\u0e99.\n\n\n<\/h2>\t\t\t\t<\/div>\n\t\t\t\t<\/div>\n\t\t\t\t<div class=\"elementor-element elementor-element-3181868 elementor-widget elementor-widget-text-editor\" data-id=\"3181868\" data-element_type=\"widget\" data-e-type=\"widget\" data-widget_type=\"text-editor.default\">\n\t\t\t\t<div class=\"elementor-widget-container\">\n\t\t\t\t\t\t\t\t\t<p class=\"\" data-start=\"1049\" data-end=\"1664\">\u0e97\u0eb5\u0ec8 Ki\u1ebfn Tr\u00fac Vi\u1ec7t Pro \u0e9e\u0ea7\u0e81\u0ec0\u0eae\u0ebb\u0eb2\u0e9a\u0ecd\u0ec8\u0ec4\u0e94\u0ec9\u0ec4\u0ea5\u0ec8\u0e95\u0eb2\u0ea1\u0e84\u0ea7\u0eb2\u0ea1\u0eab\u0ea5\u0eb9\u0eab\u0ea5\u0eb2 \u0ec1\u0e95\u0ec8\u0ea1\u0eb8\u0ec8\u0e87\u0ec4\u0e9b\u0e97\u0eb5\u0ec8\u0e87\u0eb2\u0e99\u0e81\u0ecd\u0ec8\u0eaa\u0ec9\u0eb2\u0e87\u0e97\u0eb5\u0ec8\u0ea1\u0eb5\u0e84\u0ea7\u0eb2\u0ea1\u0e8d\u0eb7\u0e99\u0e8d\u0ebb\u0e87 \u0ea1\u0eb5\u0ec0\u0eab\u0e94\u0e9c\u0ebb\u0e99 \u0ec1\u0ea5\u0eb0\u0ea1\u0eb5\u0ead\u0eb1\u0e94\u0e95\u0eb0\u0ea5\u0eb1\u0e81\u0eaa\u0ec8\u0ea7\u0e99\u0e95\u0ebb\u0ea7. \u0e9e\u0ea7\u0e81\u0ec0\u0eae\u0ebb\u0eb2\u0ec0\u0e82\u0ebb\u0ec9\u0eb2\u0ec3\u0e88\u0ea7\u0ec8\u0eb2\u0e81\u0eb2\u0e99\u0eaa\u0ec9\u0eb2\u0e87\u0ec2\u0e84\u0e87\u0e81\u0eb2\u0e99\u0edc\u0eb6\u0ec8\u0e87 \u0e9a\u0ecd\u0ec8\u0ec1\u0ea1\u0ec8\u0e99\u0ec1\u0e95\u0ec8\u0e81\u0eb2\u0e99\u0ea1\u0eb5\u0e97\u0eb1\u0e81\u0eaa\u0eb0\u0e94\u0ec9\u0eb2\u0e99\u0ec0\u0e95\u0eb1\u0e81\u0e99\u0eb4\u0e81\u0ec1\u0e95\u0ec8\u0ea2\u0ec8\u0eb2\u0e87\u0e94\u0ebd\u0ea7 \u0ec1\u0e95\u0ec8\u0e8d\u0eb1\u0e87\u0e95\u0ec9\u0ead\u0e87\u0ec3\u0e8a\u0ec9\u0e84\u0ea7\u0eb2\u0ea1\u0ec0\u0e82\u0ebb\u0ec9\u0eb2\u0ec3\u0e88\u0e84\u0ea7\u0eb2\u0ea1\u0e95\u0ec9\u0ead\u0e87\u0e81\u0eb2\u0e99\u0ec3\u0e99\u0e8a\u0eb5\u0ea7\u0eb4\u0e94\u0ec1\u0ea5\u0eb0\u0ea7\u0ebd\u0e81\u0e87\u0eb2\u0e99\u0e82\u0ead\u0e87\u0e9c\u0eb9\u0ec9\u0ec3\u0e8a\u0ec9\u0e94\u0ec9\u0ea7\u0e8d. \u0e9e\u0ea7\u0e81\u0ec0\u0eae\u0ebb\u0eb2\u0e88\u0eb6\u0ec8\u0e87\u0e95\u0eb1\u0ec9\u0e87\u0ec3\u0e88\u0e9f\u0eb1\u0e87, \u0ec3\u0eab\u0ec9\u0e84\u0eb3\u0e9b\u0eb6\u0e81\u0eaa\u0eb2\u0ea2\u0ec8\u0eb2\u0e87\u0ec0\u0e95\u0eb1\u0ea1\u0e97\u0eb5\u0ec8 \u0ec1\u0ea5\u0eb0\u0ec0\u0eae\u0eb1\u0e94\u0ea7\u0ebd\u0e81\u0ea2\u0ec8\u0eb2\u0e87\u0ec2\u0e9b\u0ec8\u0e87\u0ec3\u0eaa \u2013 \u0ec0\u0e9e\u0eb7\u0ec8\u0ead\u0ec3\u0eab\u0ec9\u0ec2\u0e84\u0e87\u0e81\u0eb2\u0e99\u0ec1\u0e95\u0ec8\u0ea5\u0eb0\u0ead\u0eb1\u0e99\u0eaa\u0eb3\u0ec0\u0ea5\u0eb1\u0e94\u0e95\u0eb2\u0ea1\u0ec0\u0ea7\u0ea5\u0eb2 \u0ec1\u0ea5\u0eb0\u0ea1\u0eb5\u0e84\u0eb8\u0e99\u0e99\u0eb0\u0e9e\u0eb2\u0e9a\u0eaa\u0eb9\u0e87 \u0ec0\u0e8a\u0eb7\u0ec8\u0ead\u0ec3\u0e88\u0ec4\u0e94\u0ec9\u0ea2\u0ec8\u0eb2\u0e87\u0e8d\u0eb2\u0ea7\u0e99\u0eb2\u0e99. \u0e97\u0eb8\u0e81\u0ec6\u0ec2\u0e84\u0e87\u0e81\u0eb2\u0e99\u0e97\u0eb5\u0ec8\u0e96\u0eb7\u0e81\u0eaa\u0eb3\u0ec0\u0ea5\u0eb1\u0e94 \u0e9e\u0ea7\u0e81\u0ec0\u0eae\u0ebb\u0eb2\u0e9a\u0ecd\u0ec8\u0ec1\u0ea1\u0ec8\u0e99\u0ec1\u0e95\u0ec8\u0e88\u0ebb\u0e9a\u0ec2\u0e84\u0e87\u0e81\u0eb2\u0e99 \u2013 \u0ec1\u0e95\u0ec8\u0e81\u0ecd\u0ec8\u0eaa\u0ec9\u0eb2\u0e87\u0e84\u0ea7\u0eb2\u0ea1\u0eaa\u0eb3\u0e9e\u0eb1\u0e99 \u0e84\u0ea7\u0eb2\u0ea1\u0e9e\u0eb9\u0ea1\u0ec3\u0e88 \u0ec1\u0ea5\u0eb0\u0e84\u0eb3\u0eaa\u0eb1\u0e99\u0e8d\u0eb2\u0ea5\u0eb0\u0e8d\u0eb0\u0e8d\u0eb2\u0ea7.<\/p>\t\t\t\t\t\t\t\t<\/div>\n\t\t\t\t<\/div>\n\t\t\t\t<div class=\"elementor-element elementor-element-d5b0c86 elementor-widget elementor-widget-spacer\" data-id=\"d5b0c86\" data-element_type=\"widget\" data-e-type=\"widget\" data-widget_type=\"spacer.default\">\n\t\t\t\t<div class=\"elementor-widget-container\">\n\t\t\t\t\t\t\t<div class=\"elementor-spacer\">\n\t\t\t<div class=\"elementor-spacer-inner\"><\/div>\n\t\t<\/div>\n\t\t\t\t\t\t<\/div>\n\t\t\t\t<\/div>\n\t\t\t\t\t<\/div>\n\t\t\t\t<\/div>\n\t\t<div class=\"elementor-element elementor-element-22ab323 e-flex e-con-boxed e-con e-parent\" data-id=\"22ab323\" data-element_type=\"container\" data-e-type=\"container\" data-settings=\"{&quot;background_background&quot;:&quot;video&quot;,&quot;background_video_link&quot;:&quot;https:\\\/\\\/kientrucvietpro.com\\\/wp-content\\\/uploads\\\/2025\\\/05\\\/2324123-hd_1920_1080_30fps.mp4&quot;,&quot;background_play_on_mobile&quot;:&quot;yes&quot;}\">\n\t\t\t\t\t<div class=\"e-con-inner\">\n\t\t<div class=\"elementor-background-video-container\">\n\t\t\t\t\t\t\t<video class=\"elementor-background-video-hosted\" role=\"presentation\" autoplay muted playsinline loop><\/video>\n\t\t\t\t\t<\/div>\t\t<div class=\"elementor-element elementor-element-02fec3a elementor-widget elementor-widget-heading\" data-id=\"02fec3a\" data-element_type=\"widget\" data-e-type=\"widget\" data-widget_type=\"heading.default\">\n\t\t\t\t<div class=\"elementor-widget-container\">\n\t\t\t\t\t<h2 class=\"elementor-heading-title elementor-size-default\">\u0e9e\u0ea7\u0e81\u0ec0\u0eae\u0ebb\u0eb2\u0e9a\u0ecd\u0ec8\u0ec4\u0e94\u0ec9\u0ec1\u0e95\u0ec8\u0e81\u0ecd\u0ec8\u0eaa\u0ec9\u0eb2\u0e87 \u2013 \u0e9e\u0ea7\u0e81\u0ec0\u0eae\u0ebb\u0eb2\u0ea2\u0eb9\u0ec8\u0e84\u0ebd\u0e87\u0e82\u0ec9\u0eb2\u0e87\u0e97\u0ec8\u0eb2\u0e99.\n\n<\/h2>\t\t\t\t<\/div>\n\t\t\t\t<\/div>\n\t\t\t\t\t<\/div>\n\t\t\t\t<\/div>\n\t\t\t\t<\/div>","protected":false},"excerpt":{"rendered":"<p>X\u00e2y kh\u00f4ng ch\u1ec9 l\u00e0 d\u1ef1ng n\u00ean c\u00f4ng tr\u00ecnh \u2013 m\u00e0 l\u00e0 ki\u1ebfn t\u1ea1o gi\u00e1 tr\u1ecb b\u1ec1n v\u1eefng. Ki\u1ebfn t\u1ea1o kh\u00f4ng gian \u2013 D\u1ef1ng x\u00e2y ni\u1ec1m tin Ki\u1ebfn Tr\u00fac Vi\u1ec7t Pro \u0111\u01b0\u1ee3c th\u00e0nh l\u1eadp v\u1edbi s\u1ee9 m\u1ec7nh \u0111\u1ed3ng h\u00e0nh c\u00f9ng kh\u00e1ch h\u00e0ng trong h\u00e0nh tr\u00ecnh ki\u1ebfn t\u1ea1o kh\u00f4ng gian s\u1ed1ng v\u00e0 kh\u00f4ng gian s\u1ea3n xu\u1ea5t ch\u1ea5t&#8230;<\/p>","protected":false},"author":1,"featured_media":1498,"parent":0,"menu_order":0,"comment_status":"closed","ping_status":"closed","template":"","meta":{"_kad_post_transparent":"","_kad_post_title":"hide","_kad_post_layout":"fullwidth","_kad_post_sidebar_id":"","_kad_post_content_style":"unboxed","_kad_post_vertical_padding":"hide","_kad_post_feature":"hide","_kad_post_feature_position":"","_kad_post_header":false,"_kad_post_footer":false,"footnotes":""},"class_list":["post-16","page","type-page","status-publish","has-post-thumbnail","hentry"],"_links":{"self":[{"href":"https:\/\/kientrucvietpro.com\/lo\/wp-json\/wp\/v2\/pages\/16","targetHints":{"allow":["GET"]}}],"collection":[{"href":"https:\/\/kientrucvietpro.com\/lo\/wp-json\/wp\/v2\/pages"}],"about":[{"href":"https:\/\/kientrucvietpro.com\/lo\/wp-json\/wp\/v2\/types\/page"}],"author":[{"embeddable":true,"href":"https:\/\/kientrucvietpro.com\/lo\/wp-json\/wp\/v2\/users\/1"}],"replies":[{"embeddable":true,"href":"https:\/\/kientrucvietpro.com\/lo\/wp-json\/wp\/v2\/comments?post=16"}],"version-history":[{"count":113,"href":"https:\/\/kientrucvietpro.com\/lo\/wp-json\/wp\/v2\/pages\/16\/revisions"}],"predecessor-version":[{"id":1653,"href":"https:\/\/kientrucvietpro.com\/lo\/wp-json\/wp\/v2\/pages\/16\/revisions\/1653"}],"wp:featuredmedia":[{"embeddable":true,"href":"https:\/\/kientrucvietpro.com\/lo\/wp-json\/wp\/v2\/media\/1498"}],"wp:attachment":[{"href":"https:\/\/kientrucvietpro.com\/lo\/wp-json\/wp\/v2\/media?parent=16"}],"curies":[{"name":"wp","href":"https:\/\/api.w.org\/{rel}","templated":true}]}}