{"id":22,"date":"2025-05-09T12:04:51","date_gmt":"2025-05-09T12:04:51","guid":{"rendered":"https:\/\/kientrucvietpro.com\/?page_id=22"},"modified":"2025-08-18T13:37:30","modified_gmt":"2025-08-18T13:37:30","slug":"lien-he","status":"publish","type":"page","link":"https:\/\/kientrucvietpro.com\/ms\/lien-he\/","title":{"rendered":"Hubungi"},"content":{"rendered":"<div data-elementor-type=\"wp-page\" data-elementor-id=\"22\" class=\"elementor elementor-22\" data-elementor-post-type=\"page\">\n\t\t\t\t<div class=\"elementor-element elementor-element-f48120f e-flex e-con-boxed e-con e-parent\" data-id=\"f48120f\" data-element_type=\"container\" data-e-type=\"container\" data-settings=\"{&quot;background_background&quot;:&quot;classic&quot;}\">\n\t\t\t\t\t<div class=\"e-con-inner\">\n\t\t<div class=\"elementor-element elementor-element-6772217 e-con-full e-flex e-con e-child\" data-id=\"6772217\" data-element_type=\"container\" data-e-type=\"container\">\n\t\t\t\t<div class=\"elementor-element elementor-element-d6a0193 elementor-widget elementor-widget-image\" data-id=\"d6a0193\" data-element_type=\"widget\" data-e-type=\"widget\" data-widget_type=\"image.default\">\n\t\t\t\t<div class=\"elementor-widget-container\">\n\t\t\t\t\t\t\t\t\t\t\t\t\t\t\t<img fetchpriority=\"high\" decoding=\"async\" width=\"1920\" height=\"1920\" src=\"https:\/\/kientrucvietpro.com\/wp-content\/uploads\/2025\/05\/pexels-pu-ca-adryan-163345030-29631655.jpg\" class=\"attachment-full size-full wp-image-105\" alt=\"\" srcset=\"https:\/\/kientrucvietpro.com\/wp-content\/uploads\/2025\/05\/pexels-pu-ca-adryan-163345030-29631655.jpg 1920w, https:\/\/kientrucvietpro.com\/wp-content\/uploads\/2025\/05\/pexels-pu-ca-adryan-163345030-29631655-300x300.jpg 300w, https:\/\/kientrucvietpro.com\/wp-content\/uploads\/2025\/05\/pexels-pu-ca-adryan-163345030-29631655-1024x1024.jpg 1024w, https:\/\/kientrucvietpro.com\/wp-content\/uploads\/2025\/05\/pexels-pu-ca-adryan-163345030-29631655-150x150.jpg 150w, https:\/\/kientrucvietpro.com\/wp-content\/uploads\/2025\/05\/pexels-pu-ca-adryan-163345030-29631655-768x768.jpg 768w, https:\/\/kientrucvietpro.com\/wp-content\/uploads\/2025\/05\/pexels-pu-ca-adryan-163345030-29631655-1536x1536.jpg 1536w\" sizes=\"(max-width: 1920px) 100vw, 1920px\" \/>\t\t\t\t\t\t\t\t\t\t\t\t\t\t\t<\/div>\n\t\t\t\t<\/div>\n\t\t\t\t<\/div>\n\t\t<div class=\"elementor-element elementor-element-3699314 e-con-full e-flex e-con e-child\" data-id=\"3699314\" data-element_type=\"container\" data-e-type=\"container\">\n\t\t\t\t<div class=\"elementor-element elementor-element-54ec121 elementor-widget elementor-widget-text-editor\" data-id=\"54ec121\" data-element_type=\"widget\" data-e-type=\"widget\" data-widget_type=\"text-editor.default\">\n\t\t\t\t<div class=\"elementor-widget-container\">\n\t\t\t\t\t\t\t\t\t<p class=\"\" data-start=\"110\" data-end=\"430\">Adakah anda sedang merancang untuk membina rumah idaman, mengembangkan kilang atau memerlukan khidmat rundingan dan pemantauan projek? Biarlah Ki\u1ebfn Tr\u00fac Vi\u1ec7t Pro menjadi rakan kongsi yang boleh dipercayai dalam merealisasikan idea-idea tersebut. Kami sentiasa mendengar dan memahami bagi menyediakan penyelesaian yang paling sesuai dengan keperluan dan bajet anda.<\/p><p class=\"\" data-start=\"432\" data-end=\"700\">Jangan ragu untuk menghubungi kami melalui telefon, emel atau dengan mengisi borang di bawah. Pasukan Ki\u1ebfn Tr\u00fac Vi\u1ec7t Pro komited untuk memberikan maklum balas dengan pantas, penuh dedikasi dan profesional \u2013 kerana kami tahu bahawa setiap minit anda menunggu adalah sebahagian daripada impian yang sedang menanti untuk dibina.<\/p>\t\t\t\t\t\t\t\t<\/div>\n\t\t\t\t<\/div>\n\t\t\t\t<\/div>\n\t\t\t\t\t<\/div>\n\t\t\t\t<\/div>\n\t\t<div class=\"elementor-element elementor-element-403c0f7 e-flex e-con-boxed e-con e-parent\" data-id=\"403c0f7\" data-element_type=\"container\" data-e-type=\"container\" data-settings=\"{&quot;background_background&quot;:&quot;classic&quot;}\">\n\t\t\t\t\t<div class=\"e-con-inner\">\n\t\t\t\t<div class=\"elementor-element elementor-element-2df8fa5 elementor-widget elementor-widget-spacer\" data-id=\"2df8fa5\" data-element_type=\"widget\" data-e-type=\"widget\" data-widget_type=\"spacer.default\">\n\t\t\t\t<div class=\"elementor-widget-container\">\n\t\t\t\t\t\t\t<div class=\"elementor-spacer\">\n\t\t\t<div class=\"elementor-spacer-inner\"><\/div>\n\t\t<\/div>\n\t\t\t\t\t\t<\/div>\n\t\t\t\t<\/div>\n\t\t\t\t\t<\/div>\n\t\t\t\t<\/div>\n\t\t<div class=\"elementor-element elementor-element-d49ca8b e-flex e-con-boxed e-con e-parent\" data-id=\"d49ca8b\" data-element_type=\"container\" data-e-type=\"container\" data-settings=\"{&quot;background_background&quot;:&quot;classic&quot;}\">\n\t\t\t\t\t<div class=\"e-con-inner\">\n\t\t<div class=\"elementor-element elementor-element-d74234a e-con-full e-flex e-con e-child\" data-id=\"d74234a\" data-element_type=\"container\" data-e-type=\"container\">\n\t\t\t\t<div class=\"elementor-element elementor-element-b6c8d98 elementor-widget elementor-widget-text-editor\" data-id=\"b6c8d98\" data-element_type=\"widget\" data-e-type=\"widget\" data-widget_type=\"text-editor.default\">\n\t\t\t\t<div class=\"elementor-widget-container\">\n\t\t\t\t\t\t\t\t\tHUBUNGI KAMI\t\t\t\t\t\t\t\t<\/div>\n\t\t\t\t<\/div>\n\t\t\t\t<div class=\"elementor-element elementor-element-1ab918c elementor-widget elementor-widget-text-editor\" data-id=\"1ab918c\" data-element_type=\"widget\" data-e-type=\"widget\" data-widget_type=\"text-editor.default\">\n\t\t\t\t<div class=\"elementor-widget-container\">\n\t\t\t\t\t\t\t\t\t<div class=\"about-info__block\">Talian Hotline: <br \/>0903219676\u00a0<\/div>\t\t\t\t\t\t\t\t<\/div>\n\t\t\t\t<\/div>\n\t\t\t\t<\/div>\n\t\t<div class=\"elementor-element elementor-element-243a513 e-con-full e-flex e-con e-child\" data-id=\"243a513\" data-element_type=\"container\" data-e-type=\"container\">\n\t\t\t\t<div class=\"elementor-element elementor-element-3a00269 elementor-button-align-center elementor-widget elementor-widget-form\" data-id=\"3a00269\" data-element_type=\"widget\" data-e-type=\"widget\" data-settings=\"{&quot;step_next_label&quot;:&quot;Next&quot;,&quot;step_previous_label&quot;:&quot;Previous&quot;,&quot;button_width&quot;:&quot;100&quot;,&quot;step_type&quot;:&quot;number_text&quot;,&quot;step_icon_shape&quot;:&quot;circle&quot;}\" data-widget_type=\"form.default\">\n\t\t\t\t<div class=\"elementor-widget-container\">\n\t\t\t\t\t\t\t<form class=\"elementor-form\" method=\"post\" name=\"New Form\" action=\"\">\n\t\t\t<input type=\"hidden\" name=\"post_id\" value=\"22\"\/>\n\t\t\t<input type=\"hidden\" name=\"form_id\" value=\"3a00269\"\/>\n\t\t\t<input type=\"hidden\" name=\"referer_title\" value=\"Li\u00ean H\u1ec7 - Ki\u1ebfn Tr\u00fac Vi\u1ec7t\" \/>\n\n\t\t\t\t\t\t\t<input type=\"hidden\" name=\"queried_id\" value=\"22\"\/>\n\t\t\t\n\t\t\t<div class=\"elementor-form-fields-wrapper elementor-labels-above\">\n\t\t\t\t\t\t\t\t<div class=\"elementor-field-type-text elementor-field-group elementor-column elementor-field-group-name elementor-col-100 elementor-field-required elementor-mark-required\">\n\t\t\t\t\t\t\t\t\t\t\t\t<label for=\"form-field-name\" class=\"elementor-field-label\">\n\t\t\t\t\t\t\t\tNama anda\t\t\t\t\t\t\t<\/label>\n\t\t\t\t\t\t\t\t\t\t\t\t\t\t<input size=\"1\" type=\"text\" name=\"form_fields[name]\" id=\"form-field-name\" class=\"elementor-field elementor-size-sm  elementor-field-textual\" required=\"required\">\n\t\t\t\t\t\t\t\t\t\t\t<\/div>\n\t\t\t\t\t\t\t\t<div class=\"elementor-field-type-tel elementor-field-group elementor-column elementor-field-group-field_15576b8 elementor-col-100 elementor-field-required elementor-mark-required\">\n\t\t\t\t\t\t\t\t\t\t\t\t<label for=\"form-field-field_15576b8\" class=\"elementor-field-label\">\n\t\t\t\t\t\t\t\tNombor telefon\t\t\t\t\t\t\t<\/label>\n\t\t\t\t\t\t\t\t<input size=\"1\" type=\"tel\" name=\"form_fields[field_15576b8]\" id=\"form-field-field_15576b8\" class=\"elementor-field elementor-size-sm  elementor-field-textual\" required=\"required\" pattern=\"[0-9()#&amp;+*-=.]+\" title=\"Only numbers and phone characters (#, -, *, etc) are accepted.\">\n\n\t\t\t\t\t\t<\/div>\n\t\t\t\t\t\t\t\t<div class=\"elementor-field-type-text elementor-field-group elementor-column elementor-field-group-field_366c497 elementor-col-100\">\n\t\t\t\t\t\t\t\t\t\t\t\t<label for=\"form-field-field_366c497\" class=\"elementor-field-label\">\n\t\t\t\t\t\t\t\tEmel anda\t\t\t\t\t\t\t<\/label>\n\t\t\t\t\t\t\t\t\t\t\t\t\t\t<input size=\"1\" type=\"text\" name=\"form_fields[field_366c497]\" id=\"form-field-field_366c497\" class=\"elementor-field elementor-size-sm  elementor-field-textual\">\n\t\t\t\t\t\t\t\t\t\t\t<\/div>\n\t\t\t\t\t\t\t\t<div class=\"elementor-field-type-select elementor-field-group elementor-column elementor-field-group-field_03d3a04 elementor-col-100\">\n\t\t\t\t\t\t\t\t\t\t\t\t<label for=\"form-field-field_03d3a04\" class=\"elementor-field-label\">\n\t\t\t\t\t\t\t\tPerkhidmatan yang anda ingin dapatkan bantuan\t\t\t\t\t\t\t<\/label>\n\t\t\t\t\t\t\t\t<div class=\"elementor-field elementor-select-wrapper remove-before\">\n\t\t\t<div class=\"select-caret-down-wrapper\">\n\t\t\t\t<svg aria-hidden=\"true\" class=\"e-font-icon-svg e-eicon-caret-down\" viewbox=\"0 0 571.4 571.4\" xmlns=\"http:\/\/www.w3.org\/2000\/svg\"><path d=\"M571 393Q571 407 561 418L311 668Q300 679 286 679T261 668L11 418Q0 407 0 393T11 368 36 357H536Q550 357 561 368T571 393Z\"><\/path><\/svg>\t\t\t<\/div>\n\t\t\t<select name=\"form_fields[field_03d3a04]\" id=\"form-field-field_03d3a04\" class=\"elementor-field-textual elementor-size-sm\">\n\t\t\t\t\t\t\t\t\t<option value=\"Thi\u1ebft K\u1ebf V\u00e0 X\u00e2y D\u1ef1ng Nh\u00e0 D\u00e2n D\u1ee5ng\">Reka Bentuk dan Pembinaan Rumah Kediaman<\/option>\n\t\t\t\t\t\t\t\t\t<option value=\"Thi\u1ebft K\u1ebf &amp; X\u00e2y D\u1ef1ng Nh\u00e0 X\u01b0\u1edfng\">Reka Bentuk &amp; Pembinaan Kilang<\/option>\n\t\t\t\t\t\t\t\t\t<option value=\"T\u01b0 V\u1ea5n Gi\u00e1m S\u00e1t C\u00f4ng Tr\u00ecnh  \">Perundingan Penyeliaan Pembinaan  <\/option>\n\t\t\t\t\t\t\t<\/select>\n\t\t<\/div>\n\t\t\t\t\t\t<\/div>\n\t\t\t\t\t\t\t\t<div class=\"elementor-field-type-textarea elementor-field-group elementor-column elementor-field-group-message elementor-col-100\">\n\t\t\t\t\t\t\t\t\t\t\t\t<label for=\"form-field-message\" class=\"elementor-field-label\">\n\t\t\t\t\t\t\t\tMesej\t\t\t\t\t\t\t<\/label>\n\t\t\t\t\t\t<textarea class=\"elementor-field-textual elementor-field  elementor-size-sm\" name=\"form_fields[message]\" id=\"form-field-message\" rows=\"5\"><\/textarea>\t\t\t\t<\/div>\n\t\t\t\t\t\t\t\t<div class=\"elementor-field-group elementor-column elementor-field-type-submit elementor-col-100 e-form__buttons\">\n\t\t\t\t\t<button class=\"elementor-button elementor-size-sm\" type=\"submit\">\n\t\t\t\t\t\t<span class=\"elementor-button-content-wrapper\">\n\t\t\t\t\t\t\t\t\t\t\t\t\t\t\t\t\t\t\t\t\t\t<span class=\"elementor-button-text\">Hantar Permintaan<\/span>\n\t\t\t\t\t\t\t\t\t\t\t\t\t<\/span>\n\t\t\t\t\t<\/button>\n\t\t\t\t<\/div>\n\t\t\t<\/div>\n\t\t<input type=\"hidden\" name=\"trp-form-language\" value=\"ms\"\/><\/form>\n\t\t\t\t\t\t<\/div>\n\t\t\t\t<\/div>\n\t\t\t\t<\/div>\n\t\t\t\t\t<\/div>\n\t\t\t\t<\/div>\n\t\t<div class=\"elementor-element elementor-element-2daa16b e-flex e-con-boxed e-con e-parent\" data-id=\"2daa16b\" data-element_type=\"container\" data-e-type=\"container\" data-settings=\"{&quot;background_background&quot;:&quot;classic&quot;}\">\n\t\t\t\t\t<div class=\"e-con-inner\">\n\t\t\t\t<div class=\"elementor-element elementor-element-fce5a72 elementor-widget elementor-widget-spacer\" data-id=\"fce5a72\" data-element_type=\"widget\" data-e-type=\"widget\" data-widget_type=\"spacer.default\">\n\t\t\t\t<div class=\"elementor-widget-container\">\n\t\t\t\t\t\t\t<div class=\"elementor-spacer\">\n\t\t\t<div class=\"elementor-spacer-inner\"><\/div>\n\t\t<\/div>\n\t\t\t\t\t\t<\/div>\n\t\t\t\t<\/div>\n\t\t\t\t\t<\/div>\n\t\t\t\t<\/div>\n\t\t\t\t<\/div>","protected":false},"excerpt":{"rendered":"<p>B\u1ea1n \u0111ang \u1ea5p \u1ee7 k\u1ebf ho\u1ea1ch x\u00e2y d\u1ef1ng t\u1ed5 \u1ea5m, m\u1edf r\u1ed9ng nh\u00e0 x\u01b0\u1edfng hay c\u1ea7n t\u01b0 v\u1ea5n gi\u00e1m s\u00e1t m\u1ed9t c\u00f4ng tr\u00ecnh? H\u00e3y \u0111\u1ec3 Ki\u1ebfn Tr\u00fac Vi\u1ec7t Pro tr\u1edf th\u00e0nh ng\u01b0\u1eddi b\u1ea1n \u0111\u1ed3ng h\u00e0nh \u0111\u00e1ng tin c\u1eady tr\u00ean h\u00e0nh tr\u00ecnh hi\u1ec7n th\u1ef1c h\u00f3a nh\u1eefng \u00fd t\u01b0\u1edfng \u1ea5y. Ch\u00fang t\u00f4i lu\u00f4n l\u1eafng nghe v\u00e0 th\u1ea5u&#8230;<\/p>","protected":false},"author":1,"featured_media":1499,"parent":0,"menu_order":0,"comment_status":"closed","ping_status":"closed","template":"","meta":{"_kad_post_transparent":"","_kad_post_title":"hide","_kad_post_layout":"fullwidth","_kad_post_sidebar_id":"","_kad_post_content_style":"unboxed","_kad_post_vertical_padding":"hide","_kad_post_feature":"hide","_kad_post_feature_position":"","_kad_post_header":false,"_kad_post_footer":false,"footnotes":""},"class_list":["post-22","page","type-page","status-publish","has-post-thumbnail","hentry"],"_links":{"self":[{"href":"https:\/\/kientrucvietpro.com\/ms\/wp-json\/wp\/v2\/pages\/22","targetHints":{"allow":["GET"]}}],"collection":[{"href":"https:\/\/kientrucvietpro.com\/ms\/wp-json\/wp\/v2\/pages"}],"about":[{"href":"https:\/\/kientrucvietpro.com\/ms\/wp-json\/wp\/v2\/types\/page"}],"author":[{"embeddable":true,"href":"https:\/\/kientrucvietpro.com\/ms\/wp-json\/wp\/v2\/users\/1"}],"replies":[{"embeddable":true,"href":"https:\/\/kientrucvietpro.com\/ms\/wp-json\/wp\/v2\/comments?post=22"}],"version-history":[{"count":82,"href":"https:\/\/kientrucvietpro.com\/ms\/wp-json\/wp\/v2\/pages\/22\/revisions"}],"predecessor-version":[{"id":1616,"href":"https:\/\/kientrucvietpro.com\/ms\/wp-json\/wp\/v2\/pages\/22\/revisions\/1616"}],"wp:featuredmedia":[{"embeddable":true,"href":"https:\/\/kientrucvietpro.com\/ms\/wp-json\/wp\/v2\/media\/1499"}],"wp:attachment":[{"href":"https:\/\/kientrucvietpro.com\/ms\/wp-json\/wp\/v2\/media?parent=22"}],"curies":[{"name":"wp","href":"https:\/\/api.w.org\/{rel}","templated":true}]}}