{"id":80,"date":"2025-05-09T13:04:35","date_gmt":"2025-05-09T13:04:35","guid":{"rendered":"https:\/\/kientrucvietpro.com\/?page_id=80"},"modified":"2025-06-27T02:22:41","modified_gmt":"2025-06-27T02:22:41","slug":"du-an","status":"publish","type":"page","link":"https:\/\/kientrucvietpro.com\/tl\/du-an\/","title":{"rendered":"Serbisyo"},"content":{"rendered":"<div data-elementor-type=\"wp-page\" data-elementor-id=\"80\" class=\"elementor elementor-80\" data-elementor-post-type=\"page\">\n\t\t\t\t<div class=\"elementor-element elementor-element-761c488 e-flex e-con-boxed e-con e-parent\" data-id=\"761c488\" data-element_type=\"container\" data-e-type=\"container\" data-settings=\"{&quot;background_background&quot;:&quot;classic&quot;}\">\n\t\t\t\t\t<div class=\"e-con-inner\">\n\t\t\t\t<div class=\"elementor-element elementor-element-b86822c elementor-widget elementor-widget-spacer\" data-id=\"b86822c\" data-element_type=\"widget\" data-e-type=\"widget\" data-widget_type=\"spacer.default\">\n\t\t\t\t<div class=\"elementor-widget-container\">\n\t\t\t\t\t\t\t<div class=\"elementor-spacer\">\n\t\t\t<div class=\"elementor-spacer-inner\"><\/div>\n\t\t<\/div>\n\t\t\t\t\t\t<\/div>\n\t\t\t\t<\/div>\n\t\t\t\t\t<\/div>\n\t\t\t\t<\/div>\n\t\t<div class=\"elementor-element elementor-element-cb3abc0 e-flex e-con-boxed e-con e-parent\" data-id=\"cb3abc0\" data-element_type=\"container\" data-e-type=\"container\" data-settings=\"{&quot;background_background&quot;:&quot;classic&quot;}\">\n\t\t\t\t\t<div class=\"e-con-inner\">\n\t\t<div class=\"elementor-element elementor-element-f18bb70 e-con-full e-flex e-con e-child\" data-id=\"f18bb70\" data-element_type=\"container\" data-e-type=\"container\">\n\t\t\t\t<div class=\"elementor-element elementor-element-da18f6e elementor-widget elementor-widget-image\" data-id=\"da18f6e\" data-element_type=\"widget\" data-e-type=\"widget\" data-widget_type=\"image.default\">\n\t\t\t\t<div class=\"elementor-widget-container\">\n\t\t\t\t\t\t\t\t\t\t\t\t\t\t\t\t<a href=\"https:\/\/kientrucvietpro.com\/tl\/nha-pho-anh-hoa-quan-7\/\">\n\t\t\t\t\t\t\t<img fetchpriority=\"high\" decoding=\"async\" width=\"1920\" height=\"1264\" src=\"https:\/\/kientrucvietpro.com\/wp-content\/uploads\/2025\/05\/pexels-fotoaibe-1643383.jpg\" class=\"attachment-full size-full wp-image-1037\" alt=\"\" srcset=\"https:\/\/kientrucvietpro.com\/wp-content\/uploads\/2025\/05\/pexels-fotoaibe-1643383.jpg 1920w, https:\/\/kientrucvietpro.com\/wp-content\/uploads\/2025\/05\/pexels-fotoaibe-1643383-300x198.jpg 300w, https:\/\/kientrucvietpro.com\/wp-content\/uploads\/2025\/05\/pexels-fotoaibe-1643383-1024x674.jpg 1024w, https:\/\/kientrucvietpro.com\/wp-content\/uploads\/2025\/05\/pexels-fotoaibe-1643383-768x506.jpg 768w, https:\/\/kientrucvietpro.com\/wp-content\/uploads\/2025\/05\/pexels-fotoaibe-1643383-1536x1011.jpg 1536w\" sizes=\"(max-width: 1920px) 100vw, 1920px\" \/>\t\t\t\t\t\t\t\t<\/a>\n\t\t\t\t\t\t\t\t\t\t\t\t\t\t\t<\/div>\n\t\t\t\t<\/div>\n\t\t\t\t<div class=\"elementor-element elementor-element-cd1c5a4 elementor-widget elementor-widget-ucaddon_underline_link_hover_effect\" data-id=\"cd1c5a4\" data-element_type=\"widget\" data-e-type=\"widget\" data-widget_type=\"ucaddon_underline_link_hover_effect.default\">\n\t\t\t\t<div class=\"elementor-widget-container\">\n\t\t\t\t\t\n<!-- start Underline Link Hover Effect -->\n\t\t<link id='font-awesome-css' href='https:\/\/kientrucvietpro.com\/wp-content\/plugins\/unlimited-elements-for-elementor-premium\/assets_libraries\/font-awesome6\/fontawesome-all.min.css' type='text\/css' rel='stylesheet' >\n\t\t<link id='font-awesome-4-shim-css' href='https:\/\/kientrucvietpro.com\/wp-content\/plugins\/unlimited-elements-for-elementor-premium\/assets_libraries\/font-awesome6\/fontawesome-v4-shims.min.css' type='text\/css' rel='stylesheet' >\n\n<style>\/* widget: Underline Link Hover Effect *\/\n\n#uc_underline_link_hover_effect_elementor_cd1c5a4{\n  display:flex;\n} \n\n#uc_underline_link_hover_effect_elementor_cd1c5a4 a.ue-link{\n  display:flex;\n  position:relative;\n  align-items:center;\n  justify-content:center;\n  text-decoration:none;\n}\n\n#uc_underline_link_hover_effect_elementor_cd1c5a4 a.ue-link:after{\n  content: \"\";\n    width: 0%;\n    position:absolute;\n  bottom:0px;\n    left:0px;\n    display: block;\n  transition:1s;\n}\n\n#uc_underline_link_hover_effect_elementor_cd1c5a4 a:hover:after{\n    width: 100%;\n  }\n\n#uc_underline_link_hover_effect_elementor_cd1c5a4 .ue-link-hover-effect-spacing{\n  transition:1s;\n}\n\n#uc_underline_link_hover_effect_elementor_cd1c5a4 .ue-link-hover-effect-text{\n  padding:10px 0px;\n}\n\n#uc_underline_link_hover_effect_elementor_cd1c5a4 .ue-link-hover-effect-icon{\n  line-height:1em;\n  transition:1s;\n}\n\n#uc_underline_link_hover_effect_elementor_cd1c5a4 .ue-link-hover-effect-icon svg{\n  height:1em;\n  width:1em;\n}\n\n<\/style>\n\n<div id=\"uc_underline_link_hover_effect_elementor_cd1c5a4\" class=\"ue-link-wrap\">\n  <a class=\"ue-link\" href=\"https:\/\/kientrucvietpro.com\/tl\/nha-pho-anh-hoa-quan-7\/\" >\n    <div class=\"ue-link-hover-effect-text\">Bahay sa Lungsod \u2013 Ginoong H\u00f2a, Distrito 7<\/div>\n    <div class=\"ue-link-hover-effect-spacing\"><\/div>\n    <div class=\"ue-link-hover-effect-icon\"><i class=''><\/i><\/div>\n  <\/a>\n<\/div>\n<!-- end Underline Link Hover Effect -->\t\t\t\t<\/div>\n\t\t\t\t<\/div>\n\t\t\t\t<div class=\"elementor-element elementor-element-d001bb8 elementor-widget elementor-widget-image\" data-id=\"d001bb8\" data-element_type=\"widget\" data-e-type=\"widget\" data-widget_type=\"image.default\">\n\t\t\t\t<div class=\"elementor-widget-container\">\n\t\t\t\t\t\t\t\t\t\t\t\t\t\t\t\t<a href=\"https:\/\/kientrucvietpro.com\/tl\/giam-sat-thi-cong-biet-thu-cao-cap-quan-2\/\">\n\t\t\t\t\t\t\t<img decoding=\"async\" width=\"1616\" height=\"2560\" src=\"https:\/\/kientrucvietpro.com\/wp-content\/uploads\/2025\/05\/pexels-heyho-8135300-scaled.jpg\" class=\"attachment-full size-full wp-image-1050\" alt=\"\" srcset=\"https:\/\/kientrucvietpro.com\/wp-content\/uploads\/2025\/05\/pexels-heyho-8135300-scaled.jpg 1616w, https:\/\/kientrucvietpro.com\/wp-content\/uploads\/2025\/05\/pexels-heyho-8135300-189x300.jpg 189w, https:\/\/kientrucvietpro.com\/wp-content\/uploads\/2025\/05\/pexels-heyho-8135300-647x1024.jpg 647w, https:\/\/kientrucvietpro.com\/wp-content\/uploads\/2025\/05\/pexels-heyho-8135300-768x1216.jpg 768w, https:\/\/kientrucvietpro.com\/wp-content\/uploads\/2025\/05\/pexels-heyho-8135300-970x1536.jpg 970w, https:\/\/kientrucvietpro.com\/wp-content\/uploads\/2025\/05\/pexels-heyho-8135300-1293x2048.jpg 1293w\" sizes=\"(max-width: 1616px) 100vw, 1616px\" \/>\t\t\t\t\t\t\t\t<\/a>\n\t\t\t\t\t\t\t\t\t\t\t\t\t\t\t<\/div>\n\t\t\t\t<\/div>\n\t\t\t\t<div class=\"elementor-element elementor-element-d702866 elementor-widget elementor-widget-ucaddon_underline_link_hover_effect\" data-id=\"d702866\" data-element_type=\"widget\" data-e-type=\"widget\" data-widget_type=\"ucaddon_underline_link_hover_effect.default\">\n\t\t\t\t<div class=\"elementor-widget-container\">\n\t\t\t\t\t\n<!-- start Underline Link Hover Effect -->\n\n<style>\/* widget: Underline Link Hover Effect *\/\n\n#uc_underline_link_hover_effect_elementor_d702866{\n  display:flex;\n} \n\n#uc_underline_link_hover_effect_elementor_d702866 a.ue-link{\n  display:flex;\n  position:relative;\n  align-items:center;\n  justify-content:center;\n  text-decoration:none;\n}\n\n#uc_underline_link_hover_effect_elementor_d702866 a.ue-link:after{\n  content: \"\";\n    width: 0%;\n    position:absolute;\n  bottom:0px;\n    left:0px;\n    display: block;\n  transition:1s;\n}\n\n#uc_underline_link_hover_effect_elementor_d702866 a:hover:after{\n    width: 100%;\n  }\n\n#uc_underline_link_hover_effect_elementor_d702866 .ue-link-hover-effect-spacing{\n  transition:1s;\n}\n\n#uc_underline_link_hover_effect_elementor_d702866 .ue-link-hover-effect-text{\n  padding:10px 0px;\n}\n\n#uc_underline_link_hover_effect_elementor_d702866 .ue-link-hover-effect-icon{\n  line-height:1em;\n  transition:1s;\n}\n\n#uc_underline_link_hover_effect_elementor_d702866 .ue-link-hover-effect-icon svg{\n  height:1em;\n  width:1em;\n}\n\n<\/style>\n\n<div id=\"uc_underline_link_hover_effect_elementor_d702866\" class=\"ue-link-wrap\">\n  <a class=\"ue-link\" href=\"https:\/\/kientrucvietpro.com\/tl\/giam-sat-thi-cong-biet-thu-cao-cap-quan-2\/\" >\n    <div class=\"ue-link-hover-effect-text\">Pangangasiwa sa Konstruksyon ng Biyeta \u2013 Distrito 2<\/div>\n    <div class=\"ue-link-hover-effect-spacing\"><\/div>\n    <div class=\"ue-link-hover-effect-icon\"><i class=''><\/i><\/div>\n  <\/a>\n<\/div>\n<!-- end Underline Link Hover Effect -->\t\t\t\t<\/div>\n\t\t\t\t<\/div>\n\t\t\t\t<div class=\"elementor-element elementor-element-043176b elementor-widget elementor-widget-image\" data-id=\"043176b\" data-element_type=\"widget\" data-e-type=\"widget\" data-widget_type=\"image.default\">\n\t\t\t\t<div class=\"elementor-widget-container\">\n\t\t\t\t\t\t\t\t\t\t\t\t\t\t\t\t<a href=\"https:\/\/kientrucvietpro.com\/tl\/biet-thu-mai-nhat-binh-duong\/\">\n\t\t\t\t\t\t\t<img decoding=\"async\" width=\"1919\" height=\"1281\" src=\"https:\/\/kientrucvietpro.com\/wp-content\/uploads\/2025\/05\/pexels-heyho-6238610.jpg\" class=\"attachment-full size-full wp-image-1054\" alt=\"\" srcset=\"https:\/\/kientrucvietpro.com\/wp-content\/uploads\/2025\/05\/pexels-heyho-6238610.jpg 1919w, https:\/\/kientrucvietpro.com\/wp-content\/uploads\/2025\/05\/pexels-heyho-6238610-300x200.jpg 300w, https:\/\/kientrucvietpro.com\/wp-content\/uploads\/2025\/05\/pexels-heyho-6238610-1024x684.jpg 1024w, https:\/\/kientrucvietpro.com\/wp-content\/uploads\/2025\/05\/pexels-heyho-6238610-768x513.jpg 768w, https:\/\/kientrucvietpro.com\/wp-content\/uploads\/2025\/05\/pexels-heyho-6238610-1536x1025.jpg 1536w\" sizes=\"(max-width: 1919px) 100vw, 1919px\" \/>\t\t\t\t\t\t\t\t<\/a>\n\t\t\t\t\t\t\t\t\t\t\t\t\t\t\t<\/div>\n\t\t\t\t<\/div>\n\t\t\t\t<div class=\"elementor-element elementor-element-9266c54 elementor-widget elementor-widget-ucaddon_underline_link_hover_effect\" data-id=\"9266c54\" data-element_type=\"widget\" data-e-type=\"widget\" data-widget_type=\"ucaddon_underline_link_hover_effect.default\">\n\t\t\t\t<div class=\"elementor-widget-container\">\n\t\t\t\t\t\n<!-- start Underline Link Hover Effect -->\n\n<style>\/* widget: Underline Link Hover Effect *\/\n\n#uc_underline_link_hover_effect_elementor_9266c54{\n  display:flex;\n} \n\n#uc_underline_link_hover_effect_elementor_9266c54 a.ue-link{\n  display:flex;\n  position:relative;\n  align-items:center;\n  justify-content:center;\n  text-decoration:none;\n}\n\n#uc_underline_link_hover_effect_elementor_9266c54 a.ue-link:after{\n  content: \"\";\n    width: 0%;\n    position:absolute;\n  bottom:0px;\n    left:0px;\n    display: block;\n  transition:1s;\n}\n\n#uc_underline_link_hover_effect_elementor_9266c54 a:hover:after{\n    width: 100%;\n  }\n\n#uc_underline_link_hover_effect_elementor_9266c54 .ue-link-hover-effect-spacing{\n  transition:1s;\n}\n\n#uc_underline_link_hover_effect_elementor_9266c54 .ue-link-hover-effect-text{\n  padding:10px 0px;\n}\n\n#uc_underline_link_hover_effect_elementor_9266c54 .ue-link-hover-effect-icon{\n  line-height:1em;\n  transition:1s;\n}\n\n#uc_underline_link_hover_effect_elementor_9266c54 .ue-link-hover-effect-icon svg{\n  height:1em;\n  width:1em;\n}\n\n<\/style>\n\n<div id=\"uc_underline_link_hover_effect_elementor_9266c54\" class=\"ue-link-wrap\">\n  <a class=\"ue-link\" href=\"https:\/\/kientrucvietpro.com\/tl\/biet-thu-mai-nhat-binh-duong\/\" >\n    <div class=\"ue-link-hover-effect-text\">Villa na May Japanese-Style na Bubong \u2013 Binh Duong<\/div>\n    <div class=\"ue-link-hover-effect-spacing\"><\/div>\n    <div class=\"ue-link-hover-effect-icon\"><i class=''><\/i><\/div>\n  <\/a>\n<\/div>\n<!-- end Underline Link Hover Effect -->\t\t\t\t<\/div>\n\t\t\t\t<\/div>\n\t\t\t\t<\/div>\n\t\t<div class=\"elementor-element elementor-element-8634db7 e-con-full e-flex e-con e-child\" data-id=\"8634db7\" data-element_type=\"container\" data-e-type=\"container\">\n\t\t\t\t<div class=\"elementor-element elementor-element-4ab01a6 elementor-widget elementor-widget-image\" data-id=\"4ab01a6\" data-element_type=\"widget\" data-e-type=\"widget\" data-widget_type=\"image.default\">\n\t\t\t\t<div class=\"elementor-widget-container\">\n\t\t\t\t\t\t\t\t\t\t\t\t\t\t\t\t<a href=\"https:\/\/kientrucvietpro.com\/tl\/giam-sat-cai-tao-nha-pho-quan-tan-binh\/\">\n\t\t\t\t\t\t\t<img loading=\"lazy\" decoding=\"async\" width=\"1920\" height=\"2161\" src=\"https:\/\/kientrucvietpro.com\/wp-content\/uploads\/2025\/05\/pexels-huy-phan-316220-2826787-1.jpg\" class=\"attachment-full size-full wp-image-1042\" alt=\"\" srcset=\"https:\/\/kientrucvietpro.com\/wp-content\/uploads\/2025\/05\/pexels-huy-phan-316220-2826787-1.jpg 1920w, https:\/\/kientrucvietpro.com\/wp-content\/uploads\/2025\/05\/pexels-huy-phan-316220-2826787-1-267x300.jpg 267w, https:\/\/kientrucvietpro.com\/wp-content\/uploads\/2025\/05\/pexels-huy-phan-316220-2826787-1-910x1024.jpg 910w, https:\/\/kientrucvietpro.com\/wp-content\/uploads\/2025\/05\/pexels-huy-phan-316220-2826787-1-768x864.jpg 768w, https:\/\/kientrucvietpro.com\/wp-content\/uploads\/2025\/05\/pexels-huy-phan-316220-2826787-1-1365x1536.jpg 1365w, https:\/\/kientrucvietpro.com\/wp-content\/uploads\/2025\/05\/pexels-huy-phan-316220-2826787-1-1820x2048.jpg 1820w\" sizes=\"(max-width: 1920px) 100vw, 1920px\" \/>\t\t\t\t\t\t\t\t<\/a>\n\t\t\t\t\t\t\t\t\t\t\t\t\t\t\t<\/div>\n\t\t\t\t<\/div>\n\t\t\t\t<div class=\"elementor-element elementor-element-4f22d52 elementor-widget elementor-widget-ucaddon_underline_link_hover_effect\" data-id=\"4f22d52\" data-element_type=\"widget\" data-e-type=\"widget\" data-widget_type=\"ucaddon_underline_link_hover_effect.default\">\n\t\t\t\t<div class=\"elementor-widget-container\">\n\t\t\t\t\t\n<!-- start Underline Link Hover Effect -->\n\n<style>\/* widget: Underline Link Hover Effect *\/\n\n#uc_underline_link_hover_effect_elementor_4f22d52{\n  display:flex;\n} \n\n#uc_underline_link_hover_effect_elementor_4f22d52 a.ue-link{\n  display:flex;\n  position:relative;\n  align-items:center;\n  justify-content:center;\n  text-decoration:none;\n}\n\n#uc_underline_link_hover_effect_elementor_4f22d52 a.ue-link:after{\n  content: \"\";\n    width: 0%;\n    position:absolute;\n  bottom:0px;\n    left:0px;\n    display: block;\n  transition:1s;\n}\n\n#uc_underline_link_hover_effect_elementor_4f22d52 a:hover:after{\n    width: 100%;\n  }\n\n#uc_underline_link_hover_effect_elementor_4f22d52 .ue-link-hover-effect-spacing{\n  transition:1s;\n}\n\n#uc_underline_link_hover_effect_elementor_4f22d52 .ue-link-hover-effect-text{\n  padding:10px 0px;\n}\n\n#uc_underline_link_hover_effect_elementor_4f22d52 .ue-link-hover-effect-icon{\n  line-height:1em;\n  transition:1s;\n}\n\n#uc_underline_link_hover_effect_elementor_4f22d52 .ue-link-hover-effect-icon svg{\n  height:1em;\n  width:1em;\n}\n\n<\/style>\n\n<div id=\"uc_underline_link_hover_effect_elementor_4f22d52\" class=\"ue-link-wrap\">\n  <a class=\"ue-link\" href=\"https:\/\/kientrucvietpro.com\/tl\/giam-sat-cai-tao-nha-pho-quan-tan-binh\/\" >\n    <div class=\"ue-link-hover-effect-text\">Pangangasiwa sa Renovasyon ng Bahay sa Lungsod \u2013 Distrito T\u00e2n B\u00ecnh<\/div>\n    <div class=\"ue-link-hover-effect-spacing\"><\/div>\n    <div class=\"ue-link-hover-effect-icon\"><i class=''><\/i><\/div>\n  <\/a>\n<\/div>\n<!-- end Underline Link Hover Effect -->\t\t\t\t<\/div>\n\t\t\t\t<\/div>\n\t\t\t\t<div data-premium-element-link=\"{&quot;type&quot;:&quot;url&quot;,&quot;link&quot;:{&quot;url&quot;:&quot;https:\\\/\\\/kientrucvietpro.com\\\/nha-xuong-may-mac-hung-yen\\\/&quot;,&quot;is_external&quot;:&quot;&quot;,&quot;nofollow&quot;:&quot;&quot;,&quot;custom_attributes&quot;:&quot;&quot;},&quot;href&quot;:&quot;https:\\\/\\\/kientrucvietpro.com\\\/nha-xuong-may-mac-hung-yen\\\/&quot;}\" style=\"cursor: pointer\" class=\"elementor-element elementor-element-709bffa premium-wrapper-link-yes elementor-widget elementor-widget-video\" data-id=\"709bffa\" data-element_type=\"widget\" data-e-type=\"widget\" data-settings=\"{&quot;video_type&quot;:&quot;hosted&quot;,&quot;autoplay&quot;:&quot;yes&quot;,&quot;mute&quot;:&quot;yes&quot;,&quot;loop&quot;:&quot;yes&quot;}\" data-widget_type=\"video.default\">\n\t\t\t\t<div class=\"elementor-widget-container\">\n\t\t\t\t\t\t\t<div class=\"e-hosted-video elementor-wrapper elementor-open-inline\">\n\t\t\t\t\t<video class=\"elementor-video\" src=\"https:\/\/kientrucvietpro.com\/wp-content\/uploads\/2025\/05\/7043686-hd_1920_1080_24fps.mp4\" autoplay=\"\" loop=\"\" muted=\"muted\" controlslist=\"nodownload\"><\/video>\n\t\t\t\t<\/div>\n\t\t\t\t\t\t<\/div>\n\t\t\t\t<\/div>\n\t\t\t\t<div class=\"elementor-element elementor-element-456d867 elementor-widget elementor-widget-ucaddon_underline_link_hover_effect\" data-id=\"456d867\" data-element_type=\"widget\" data-e-type=\"widget\" data-widget_type=\"ucaddon_underline_link_hover_effect.default\">\n\t\t\t\t<div class=\"elementor-widget-container\">\n\t\t\t\t\t\n<!-- start Underline Link Hover Effect -->\n\n<style>\/* widget: Underline Link Hover Effect *\/\n\n#uc_underline_link_hover_effect_elementor_456d867{\n  display:flex;\n} \n\n#uc_underline_link_hover_effect_elementor_456d867 a.ue-link{\n  display:flex;\n  position:relative;\n  align-items:center;\n  justify-content:center;\n  text-decoration:none;\n}\n\n#uc_underline_link_hover_effect_elementor_456d867 a.ue-link:after{\n  content: \"\";\n    width: 0%;\n    position:absolute;\n  bottom:0px;\n    left:0px;\n    display: block;\n  transition:1s;\n}\n\n#uc_underline_link_hover_effect_elementor_456d867 a:hover:after{\n    width: 100%;\n  }\n\n#uc_underline_link_hover_effect_elementor_456d867 .ue-link-hover-effect-spacing{\n  transition:1s;\n}\n\n#uc_underline_link_hover_effect_elementor_456d867 .ue-link-hover-effect-text{\n  padding:10px 0px;\n}\n\n#uc_underline_link_hover_effect_elementor_456d867 .ue-link-hover-effect-icon{\n  line-height:1em;\n  transition:1s;\n}\n\n#uc_underline_link_hover_effect_elementor_456d867 .ue-link-hover-effect-icon svg{\n  height:1em;\n  width:1em;\n}\n\n<\/style>\n\n<div id=\"uc_underline_link_hover_effect_elementor_456d867\" class=\"ue-link-wrap\">\n  <a class=\"ue-link\" href=\"https:\/\/kientrucvietpro.com\/tl\/nha-xuong-may-mac-hung-yen\/\" >\n    <div class=\"ue-link-hover-effect-text\">Pabrika ng Damit \u2013 H\u01b0ng Y\u00ean<\/div>\n    <div class=\"ue-link-hover-effect-spacing\"><\/div>\n    <div class=\"ue-link-hover-effect-icon\"><i class=''><\/i><\/div>\n  <\/a>\n<\/div>\n<!-- end Underline Link Hover Effect -->\t\t\t\t<\/div>\n\t\t\t\t<\/div>\n\t\t\t\t<div class=\"elementor-element elementor-element-6aa815a elementor-widget elementor-widget-image\" data-id=\"6aa815a\" data-element_type=\"widget\" data-e-type=\"widget\" data-widget_type=\"image.default\">\n\t\t\t\t<div class=\"elementor-widget-container\">\n\t\t\t\t\t\t\t\t\t\t\t\t\t\t\t\t<a href=\"https:\/\/kientrucvietpro.com\/tl\/nha-may-san-xuat-nhua-long-an\/\">\n\t\t\t\t\t\t\t<img loading=\"lazy\" decoding=\"async\" width=\"1828\" height=\"2560\" src=\"https:\/\/kientrucvietpro.com\/wp-content\/uploads\/2025\/05\/pexels-i-rem-dur-1175044181-27384882-scaled.jpg\" class=\"attachment-full size-full wp-image-1062\" alt=\"\" srcset=\"https:\/\/kientrucvietpro.com\/wp-content\/uploads\/2025\/05\/pexels-i-rem-dur-1175044181-27384882-scaled.jpg 1828w, https:\/\/kientrucvietpro.com\/wp-content\/uploads\/2025\/05\/pexels-i-rem-dur-1175044181-27384882-214x300.jpg 214w, https:\/\/kientrucvietpro.com\/wp-content\/uploads\/2025\/05\/pexels-i-rem-dur-1175044181-27384882-731x1024.jpg 731w, https:\/\/kientrucvietpro.com\/wp-content\/uploads\/2025\/05\/pexels-i-rem-dur-1175044181-27384882-768x1076.jpg 768w, https:\/\/kientrucvietpro.com\/wp-content\/uploads\/2025\/05\/pexels-i-rem-dur-1175044181-27384882-1097x1536.jpg 1097w, https:\/\/kientrucvietpro.com\/wp-content\/uploads\/2025\/05\/pexels-i-rem-dur-1175044181-27384882-1462x2048.jpg 1462w\" sizes=\"(max-width: 1828px) 100vw, 1828px\" \/>\t\t\t\t\t\t\t\t<\/a>\n\t\t\t\t\t\t\t\t\t\t\t\t\t\t\t<\/div>\n\t\t\t\t<\/div>\n\t\t\t\t<div class=\"elementor-element elementor-element-11953ac elementor-widget elementor-widget-ucaddon_underline_link_hover_effect\" data-id=\"11953ac\" data-element_type=\"widget\" data-e-type=\"widget\" data-widget_type=\"ucaddon_underline_link_hover_effect.default\">\n\t\t\t\t<div class=\"elementor-widget-container\">\n\t\t\t\t\t\n<!-- start Underline Link Hover Effect -->\n\n<style>\/* widget: Underline Link Hover Effect *\/\n\n#uc_underline_link_hover_effect_elementor_11953ac{\n  display:flex;\n} \n\n#uc_underline_link_hover_effect_elementor_11953ac a.ue-link{\n  display:flex;\n  position:relative;\n  align-items:center;\n  justify-content:center;\n  text-decoration:none;\n}\n\n#uc_underline_link_hover_effect_elementor_11953ac a.ue-link:after{\n  content: \"\";\n    width: 0%;\n    position:absolute;\n  bottom:0px;\n    left:0px;\n    display: block;\n  transition:1s;\n}\n\n#uc_underline_link_hover_effect_elementor_11953ac a:hover:after{\n    width: 100%;\n  }\n\n#uc_underline_link_hover_effect_elementor_11953ac .ue-link-hover-effect-spacing{\n  transition:1s;\n}\n\n#uc_underline_link_hover_effect_elementor_11953ac .ue-link-hover-effect-text{\n  padding:10px 0px;\n}\n\n#uc_underline_link_hover_effect_elementor_11953ac .ue-link-hover-effect-icon{\n  line-height:1em;\n  transition:1s;\n}\n\n#uc_underline_link_hover_effect_elementor_11953ac .ue-link-hover-effect-icon svg{\n  height:1em;\n  width:1em;\n}\n\n<\/style>\n\n<div id=\"uc_underline_link_hover_effect_elementor_11953ac\" class=\"ue-link-wrap\">\n  <a class=\"ue-link\" href=\"https:\/\/kientrucvietpro.com\/tl\/nha-may-san-xuat-nhua-long-an\/\" >\n    <div class=\"ue-link-hover-effect-text\">Pabrika ng Produksyon ng Plastik \u2013 Long An<\/div>\n    <div class=\"ue-link-hover-effect-spacing\"><\/div>\n    <div class=\"ue-link-hover-effect-icon\"><i class=''><\/i><\/div>\n  <\/a>\n<\/div>\n<!-- end Underline Link Hover Effect -->\t\t\t\t<\/div>\n\t\t\t\t<\/div>\n\t\t\t\t<\/div>\n\t\t\t\t\t<\/div>\n\t\t\t\t<\/div>\n\t\t<div class=\"elementor-element elementor-element-6d090fd e-flex e-con-boxed e-con e-parent\" data-id=\"6d090fd\" data-element_type=\"container\" data-e-type=\"container\" data-settings=\"{&quot;background_background&quot;:&quot;classic&quot;}\">\n\t\t\t\t\t<div class=\"e-con-inner\">\n\t\t\t\t<div class=\"elementor-element elementor-element-390cb30 elementor-widget elementor-widget-spacer\" data-id=\"390cb30\" data-element_type=\"widget\" data-e-type=\"widget\" data-widget_type=\"spacer.default\">\n\t\t\t\t<div class=\"elementor-widget-container\">\n\t\t\t\t\t\t\t<div class=\"elementor-spacer\">\n\t\t\t<div class=\"elementor-spacer-inner\"><\/div>\n\t\t<\/div>\n\t\t\t\t\t\t<\/div>\n\t\t\t\t<\/div>\n\t\t\t\t\t<\/div>\n\t\t\t\t<\/div>\n\t\t\t\t<\/div>","protected":false},"excerpt":{"rendered":"<p>Nh\u00e0 Ph\u1ed1 \u2013 Anh H\u00f2a, Qu\u1eadn 7 Gi\u00e1m S\u00e1t Thi C\u00f4ng Bi\u1ec7t Th\u1ef1 \u2013 Qu\u1eadn 2 Bi\u1ec7t Th\u1ef1 M\u00e1i Nh\u1eadt \u2013 B\u00ecnh D\u01b0\u01a1ng Gi\u00e1m S\u00e1t C\u1ea3i T\u1ea1o Nh\u00e0 Ph\u1ed1 \u2013 Qu\u1eadn T\u00e2n B\u00ecnh https:\/\/kientrucvietpro.com\/wp-content\/uploads\/2025\/05\/7043686-hd_1920_1080_24fps.mp4 Nh\u00e0 X\u01b0\u1edfng May M\u1eb7c \u2013 H\u01b0ng Y\u00ean Nh\u00e0 M\u00e1y S\u1ea3n Xu\u1ea5t Nh\u1ef1a \u2013 Long An<\/p>","protected":false},"author":1,"featured_media":1496,"parent":0,"menu_order":0,"comment_status":"closed","ping_status":"closed","template":"","meta":{"_kad_post_transparent":"","_kad_post_title":"hide","_kad_post_layout":"fullwidth","_kad_post_sidebar_id":"","_kad_post_content_style":"unboxed","_kad_post_vertical_padding":"hide","_kad_post_feature":"hide","_kad_post_feature_position":"","_kad_post_header":false,"_kad_post_footer":false,"footnotes":""},"class_list":["post-80","page","type-page","status-publish","has-post-thumbnail","hentry"],"_links":{"self":[{"href":"https:\/\/kientrucvietpro.com\/tl\/wp-json\/wp\/v2\/pages\/80","targetHints":{"allow":["GET"]}}],"collection":[{"href":"https:\/\/kientrucvietpro.com\/tl\/wp-json\/wp\/v2\/pages"}],"about":[{"href":"https:\/\/kientrucvietpro.com\/tl\/wp-json\/wp\/v2\/types\/page"}],"author":[{"embeddable":true,"href":"https:\/\/kientrucvietpro.com\/tl\/wp-json\/wp\/v2\/users\/1"}],"replies":[{"embeddable":true,"href":"https:\/\/kientrucvietpro.com\/tl\/wp-json\/wp\/v2\/comments?post=80"}],"version-history":[{"count":100,"href":"https:\/\/kientrucvietpro.com\/tl\/wp-json\/wp\/v2\/pages\/80\/revisions"}],"predecessor-version":[{"id":1068,"href":"https:\/\/kientrucvietpro.com\/tl\/wp-json\/wp\/v2\/pages\/80\/revisions\/1068"}],"wp:featuredmedia":[{"embeddable":true,"href":"https:\/\/kientrucvietpro.com\/tl\/wp-json\/wp\/v2\/media\/1496"}],"wp:attachment":[{"href":"https:\/\/kientrucvietpro.com\/tl\/wp-json\/wp\/v2\/media?parent=80"}],"curies":[{"name":"wp","href":"https:\/\/api.w.org\/{rel}","templated":true}]}}